{"id":8609,"date":"2021-06-17T12:03:15","date_gmt":"2021-06-17T10:03:15","guid":{"rendered":"https:\/\/www.embutidosortiz.com\/contact\/"},"modified":"2021-06-17T12:03:16","modified_gmt":"2021-06-17T10:03:16","slug":"contact","status":"publish","type":"page","link":"https:\/\/www.embutidosortiz.com\/fr\/contact\/","title":{"rendered":"Contact"},"content":{"rendered":"<p>[vc_row full_width=\u00a0\u00bbstretch_row_content_no_spaces\u00a0\u00bb bg_type=\u00a0\u00bbimage\u00a0\u00bb parallax_style=\u00a0\u00bb\u00a0\u00bb enable_parallax=\u00a0\u00bbtrue\u00a0\u00bb parallax_background=\u00a0\u00bb7222&Prime; css=\u00a0\u00bb.vc_custom_1620641792945{background-image: url(https:\/\/www.embutidosortiz.com\/wp-content\/uploads\/2021\/05\/contacto-slider-top_2_37f9805b6da39f596e575f8a7d9d7743.jpg?id=7222) !important;}\u00a0\u00bb][vc_column][vc_row_inner css=\u00a0\u00bb.vc_custom_1618768077609{margin-top: -3% !important;}\u00a0\u00bb][vc_column_inner width=\u00a0\u00bb1\/3&Prime;][\/vc_column_inner][vc_column_inner width=\u00a0\u00bb1\/3&Prime; css=\u00a0\u00bb.vc_custom_1619992231693{margin-right: 1% !important;margin-left: 1% !important;}\u00a0\u00bb][vc_empty_space height=\u00a0\u00bb60px\u00a0\u00bb][vc_column_text]<\/p>\n<p style=\"text-align: center; letter-spacing: 0.4em;\">BOUCHERS DEPUIS 1915<\/p>\n<p>[\/vc_column_text][vc_column_text]<\/p>\n<h1 style=\"text-align: center;\"><span style=\"color: #d25d13;\">EMBUTIDOS<\/span><br \/>\n<span style=\"color: #d25d13;\">DOMINGO ORTIZ MORENO S.L.<\/span><\/h1>\n<p>[\/vc_column_text][vc_separator color=\u00a0\u00bbblack\u00a0\u00bb][vc_column_text]<\/p>\n<p style=\"text-align: center;\"><span class=\"noSepara\">P. I. LENTISCARES,<\/span> <span class=\"noSepara\">LAS ENCINILLAS, 3<\/span><\/p>\n<p style=\"text-align: center;\"><span class=\"noSepara\">26370,<\/span> <span class=\"noSepara\">NAVARRETE (LA RIOJA), ESPAGNE<\/span><\/p>\n<p style=\"text-align: center;\"><span class=\"noSepara\"><span class=\"rojo fuente_2\"><span style=\"color: #7aaabc;\"><strong>TEL<\/strong><\/span>.<\/span> <a class=\"tel\" style=\"text-decoration: none;\" title=\"Appelez-nous\" href=\"tel:34941441044\">(+34) 941 441 044<\/a><\/span> \u00b7 <span class=\"noSepara\"><span style=\"color: #7aaabc;\"><strong><span class=\"rojo fuente_2\">FAX<\/span><\/strong><\/span> <a class=\"tel\" style=\"text-decoration: none;\" title=\"Envoyez-nous un fax\" href=\"tel:34941440713\">(+34) 941 440 713<\/a><\/span><\/p>\n<p style=\"text-align: center;\"><span style=\"color: #d25d13;\"><strong><a class=\"mail fuente_2\" style=\"color: #d25d13; text-decoration: none;\" title=\"Appelez-nous au info@embutidosortiz.com\" href=\"mailto:info@embutidosortiz.com\">info@embutidosortiz.com<\/a><\/strong><\/span><\/p>\n<p>[\/vc_column_text][vc_btn title=\u00a0\u00bbLOIN ET GOOGLE MAPS\u00a0\u00bb style=\u00a0\u00bbcustom\u00a0\u00bb custom_background=\u00a0\u00bb#94c0d0&Prime; custom_text=\u00a0\u00bb#ffffff\u00a0\u00bb align=\u00a0\u00bbcenter\u00a0\u00bb link=\u00a0\u00bburl:https%3A%2F%2Fwww.google.es%2Fmaps%2Fplace%2FEmbutidos%2BDomingo%2BOrtiz%2BMoreno%2C%2BS.L.%2F%4042.4429665%2C-2.5728702%2C17z%2Fdata%3D%214m5%213m4%211s0x0%3A0x85429d6e9e28c466%218m2%213d42.443146%214d-2.5728634|target:_blank|\u00a0\u00bb][\/vc_column_inner][vc_column_inner width=\u00a0\u00bb1\/3&Prime;][\/vc_column_inner][\/vc_row_inner][\/vc_column][\/vc_row][vc_row full_width=\u00a0\u00bbstretch_row_content_no_spaces\u00a0\u00bb bg_type=\u00a0\u00bbbg_color\u00a0\u00bb bg_color_value=\u00a0\u00bb#94c0d0&Prime;][vc_column][vc_row_inner][vc_column_inner width=\u00a0\u00bb1\/3&Prime;][\/vc_column_inner][vc_column_inner width=\u00a0\u00bb1\/3&Prime;][vc_column_text]<\/p>\n<p style=\"text-align: center; letter-spacing: 0.1em;\"><strong><span style=\"font-size: 14pt;\">\u00c9CRIVEZ-NOUS<\/span><\/strong><\/p>\n<p>[\/vc_column_text][vc_column_text]<\/p>\n<p style=\"text-align: center;\">Vous pouvez faire des suggestions ou nous poser des questions sur nos produits et services.<\/p>\n<p>[\/vc_column_text][\/vc_column_inner][vc_column_inner width=\u00a0\u00bb1\/3&Prime;][\/vc_column_inner][\/vc_row_inner][vc_row_inner][vc_column_inner width=\u00a0\u00bb1\/4&Prime;][\/vc_column_inner][vc_column_inner width=\u00a0\u00bb1\/2&Prime; alignment=\u00a0\u00bbcenter\u00a0\u00bb]<div style=\"\">\n<div class=\"wpcf7 no-js\" id=\"wpcf7-f10-o1\" lang=\"es-ES\" dir=\"ltr\">\n<div class=\"screen-reader-response\"><p role=\"status\" aria-live=\"polite\" aria-atomic=\"true\"><\/p> <ul><\/ul><\/div>\n<form action=\"\/fr\/wp-json\/wp\/v2\/pages\/8609#wpcf7-f10-o1\" method=\"post\" class=\"wpcf7-form init\" aria-label=\"Formulario de contacto\" novalidate=\"novalidate\" data-status=\"init\">\n<div style=\"display: none;\">\n<input type=\"hidden\" name=\"_wpcf7\" value=\"10\" \/>\n<input type=\"hidden\" name=\"_wpcf7_version\" value=\"5.7.4\" \/>\n<input type=\"hidden\" name=\"_wpcf7_locale\" value=\"es_ES\" \/>\n<input type=\"hidden\" name=\"_wpcf7_unit_tag\" value=\"wpcf7-f10-o1\" \/>\n<input type=\"hidden\" name=\"_wpcf7_container_post\" value=\"0\" \/>\n<input type=\"hidden\" name=\"_wpcf7_posted_data_hash\" value=\"\" \/>\n<\/div>\n<p><label> Nombre<br \/>\n<span class=\"wpcf7-form-control-wrap\" data-name=\"your-name\"><input size=\"40\" class=\"wpcf7-form-control wpcf7-text wpcf7-validates-as-required\" aria-required=\"true\" aria-invalid=\"false\" value=\"\" type=\"text\" name=\"your-name\" \/><\/span> <\/label>\n<\/p>\n<p><label> Email<br \/>\n<span class=\"wpcf7-form-control-wrap\" data-name=\"your-email\"><input size=\"40\" class=\"wpcf7-form-control wpcf7-text wpcf7-email wpcf7-validates-as-required wpcf7-validates-as-email\" aria-required=\"true\" aria-invalid=\"false\" value=\"\" type=\"email\" name=\"your-email\" \/><\/span> <\/label>\n<\/p>\n<p><label> Consulta<br \/>\n<span class=\"wpcf7-form-control-wrap\" data-name=\"your-message\"><textarea cols=\"40\" rows=\"10\" class=\"wpcf7-form-control wpcf7-textarea\" aria-invalid=\"false\" name=\"your-message\"><\/textarea><\/span> <\/label>\n<\/p>\n<p>En cumplimiento de lo establecido en la normativa vigente sobre Protecci\u00f3n de Datos de Car\u00e1cter Personal, le informamos que sus datos de car\u00e1cter personal ser\u00e1n tratados por parte de EMBUTIDOS DOMINGO ORTIZ MORENO S.L., en calidad de responsable del tratamiento con la finalidad de gesti\u00f3n de las solicitudes de informaci\u00f3n que llegan a trav\u00e9s del formularios web o redes sociales. Asimismo, le informamos que salvo obligaci\u00f3n legal o consentimiento expreso por su parte que no vamos a ceder sus datos a terceras personas. Usted tiene derecho a obtener confirmaci\u00f3n sobre si estamos tratando sus datos personales por tanto tiene derecho a acceder a sus datos personales, rectificar los datos inexactos o solicitar su supresi\u00f3n cuando los datos ya no sean necesarios como tambi\u00e9n ejercer los dem\u00e1s derechos recogidos por la normativa de la forma que se explica en la informaci\u00f3n adicional. Usted puede ejercitar los derechos mencionados en los t\u00e9rminos establecidos en la normativa vigente dirigi\u00e9ndose a EMBUTIDOS DOMINGO ORTIZ MORENO S.L., tfn. 941441044, email: <a href=\"mailto:info@embutidosortiz.com\">info@embutidosortiz.com<\/a>. Asimismo, Usted puede solicitar a los mismos datos de contacto, informaci\u00f3n adicional detallada sobre nuestra pol\u00edtica de protecci\u00f3n de datos. Igualmente, podr\u00e1 consultar nuestra informaci\u00f3n adicional pulsando el siguiente enlace: <a href=\"politica-privacidad\">Privacidad y protecci\u00f3n de datos<\/a>\n<\/p>\n<p><span class=\"wpcf7-form-control-wrap\" data-name=\"acceptance-573\"><span class=\"wpcf7-form-control wpcf7-acceptance\"><span class=\"wpcf7-list-item\"><label><input type=\"checkbox\" name=\"acceptance-573\" value=\"1\" aria-invalid=\"false\" \/><span class=\"wpcf7-list-item-label\">He le\u00eddo y acepto la <a href=\"politica-privacidad\">Pol\u00edtica de Privacidad<\/a><\/span><\/label><\/span><\/span><\/span>\n<\/p>\n<p><input class=\"wpcf7-form-control has-spinner wpcf7-submit\" type=\"submit\" value=\"Enviar\" \/>\n<\/p><div class=\"wpcf7-response-output\" aria-hidden=\"true\"><\/div>\n<\/form>\n<\/div>\n<\/div>[\/vc_column_inner][vc_column_inner width=\u00a0\u00bb1\/4&Prime;][\/vc_column_inner][\/vc_row_inner][\/vc_column][\/vc_row][vc_row][vc_column][vc_gmaps link=\u00a0\u00bb#E-8_JTNDaWZyYW1lJTIwc3JjJTNEJTIyaHR0cHMlM0ElMkYlMkZ3d3cuZ29vZ2xlLmNvbSUyRm1hcHMlMkZlbWJlZCUzRnBiJTNEJTIxMW0xNCUyMTFtOCUyMTFtMyUyMTFkNTg4OC42MTI2NTUxMTA0OTYlMjEyZC0yLjU3MzQ4JTIxM2Q0Mi40NDI0OTglMjEzbTIlMjExaTEwMjQlMjEyaTc2OCUyMTRmMTMuMSUyMTNtMyUyMTFtMiUyMTFzMHgwJTI1M0EweDg1NDI5ZDZlOWUyOGM0NjYlMjEyc0VtYnV0aWRvcyUyNTIwRG9taW5nbyUyNTIwT3J0aXolMjUyME1vcmVubyUyNTJDJTI1MjBTLkwuJTIxNWUwJTIxM20yJTIxMXNlcyUyMTJzdXMlMjE0djE2MjA2Njk4ODYxNjElMjE1bTIlMjExc2VzJTIxMnN1cyUyMiUyMHdpZHRoJTNEJTIyNjAwJTIyJTIwaGVpZ2h0JTNEJTIyNDUwJTIyJTIwc3R5bGUlM0QlMjJib3JkZXIlM0EwJTNCJTIyJTIwYWxsb3dmdWxsc2NyZWVuJTNEJTIyJTIyJTIwbG9hZGluZyUzRCUyMmxhenklMjIlM0UlM0MlMkZpZnJhbWUlM0UlMEE=\u00a0\u00bb][\/vc_column][\/vc_row]<\/p>\n","protected":false},"excerpt":{"rendered":"<p>[vc_row full_width=\u00a0\u00bbstretch_row_content_no_spaces\u00a0\u00bb bg_type=\u00a0\u00bbimage\u00a0\u00bb parallax_style=\u00a0\u00bb\u00a0\u00bb enable_parallax=\u00a0\u00bbtrue\u00a0\u00bb parallax_background=\u00a0\u00bb7222&Prime; css=\u00a0\u00bb.vc_custom_1620641792945{background-image: url(https:\/\/www.embutidosortiz.com\/wp-content\/uploads\/2021\/05\/contacto-slider-top_2_37f9805b6da39f596e575f8a7d9d7743.jpg?id=7222) !important;}\u00a0\u00bb][vc_column][vc_row_inner css=\u00a0\u00bb.vc_custom_1618768077609{margin-top: -3% !important;}\u00a0\u00bb][vc_column_inner width=\u00a0\u00bb1\/3&Prime;][\/vc_column_inner][vc_column_inner width=\u00a0\u00bb1\/3&Prime; css=\u00a0\u00bb.vc_custom_1619992231693{margin-right: 1% !important;margin-left: 1% !important;}\u00a0\u00bb][vc_empty_space height=\u00a0\u00bb60px\u00a0\u00bb][vc_column_text] BOUCHERS DEPUIS 1915 [\/vc_column_text][vc_column_text] EMBUTIDOS DOMINGO ORTIZ MORENO S.L. [\/vc_column_text][vc_separator color=\u00a0\u00bbblack\u00a0\u00bb][vc_column_text] P. I. LENTISCARES, LAS ENCINILLAS, 3 26370, NAVARRETE (LA<\/p>\n","protected":false},"author":2,"featured_media":0,"parent":0,"menu_order":0,"comment_status":"closed","ping_status":"closed","template":"","meta":[],"yoast_head":"<!-- This site is optimized with the Yoast SEO plugin v20.1 - https:\/\/yoast.com\/wordpress\/plugins\/seo\/ -->\n<title>Contact - Embutidos Ortiz<\/title>\n<meta name=\"robots\" content=\"index, follow, max-snippet:-1, max-image-preview:large, max-video-preview:-1\" \/>\n<link rel=\"canonical\" href=\"https:\/\/www.embutidosortiz.com\/fr\/contact\/\" \/>\n<meta property=\"og:locale\" content=\"fr_FR\" \/>\n<meta property=\"og:type\" content=\"article\" \/>\n<meta property=\"og:title\" content=\"Contact - Embutidos Ortiz\" \/>\n<meta property=\"og:description\" content=\"[vc_row full_width=\u00a0\u00bbstretch_row_content_no_spaces\u00a0\u00bb bg_type=\u00a0\u00bbimage\u00a0\u00bb parallax_style=\u00a0\u00bb\u00a0\u00bb enable_parallax=\u00a0\u00bbtrue\u00a0\u00bb parallax_background=\u00a0\u00bb7222&Prime; css=\u00a0\u00bb.vc_custom_1620641792945{background-image: url(https:\/\/www.embutidosortiz.com\/wp-content\/uploads\/2021\/05\/contacto-slider-top_2_37f9805b6da39f596e575f8a7d9d7743.jpg?id=7222) !important;}\u00a0\u00bb][vc_column][vc_row_inner css=\u00a0\u00bb.vc_custom_1618768077609{margin-top: -3% !important;}\u00a0\u00bb][vc_column_inner width=\u00a0\u00bb1\/3&Prime;][\/vc_column_inner][vc_column_inner width=\u00a0\u00bb1\/3&Prime; css=\u00a0\u00bb.vc_custom_1619992231693{margin-right: 1% !important;margin-left: 1% !important;}\u00a0\u00bb][vc_empty_space height=\u00a0\u00bb60px\u00a0\u00bb][vc_column_text] BOUCHERS DEPUIS 1915 [\/vc_column_text][vc_column_text] EMBUTIDOS DOMINGO ORTIZ MORENO S.L. [\/vc_column_text][vc_separator color=\u00a0\u00bbblack\u00a0\u00bb][vc_column_text] P. I. LENTISCARES, LAS ENCINILLAS, 3 26370, NAVARRETE (LA\" \/>\n<meta property=\"og:url\" content=\"https:\/\/www.embutidosortiz.com\/fr\/contact\/\" \/>\n<meta property=\"og:site_name\" content=\"Embutidos Ortiz\" \/>\n<meta property=\"article:modified_time\" content=\"2021-06-17T10:03:16+00:00\" \/>\n<meta name=\"twitter:card\" content=\"summary_large_image\" \/>\n<meta name=\"twitter:label1\" content=\"Dur\u00e9e de lecture estim\u00e9e\" \/>\n\t<meta name=\"twitter:data1\" content=\"2 minutes\" \/>\n<script type=\"application\/ld+json\" class=\"yoast-schema-graph\">{\"@context\":\"https:\/\/schema.org\",\"@graph\":[{\"@type\":\"WebPage\",\"@id\":\"https:\/\/www.embutidosortiz.com\/fr\/contact\/\",\"url\":\"https:\/\/www.embutidosortiz.com\/fr\/contact\/\",\"name\":\"Contact - Embutidos Ortiz\",\"isPartOf\":{\"@id\":\"https:\/\/www.embutidosortiz.com\/#website\"},\"datePublished\":\"2021-06-17T10:03:15+00:00\",\"dateModified\":\"2021-06-17T10:03:16+00:00\",\"breadcrumb\":{\"@id\":\"https:\/\/www.embutidosortiz.com\/fr\/contact\/#breadcrumb\"},\"inLanguage\":\"fr-FR\",\"potentialAction\":[{\"@type\":\"ReadAction\",\"target\":[\"https:\/\/www.embutidosortiz.com\/fr\/contact\/\"]}]},{\"@type\":\"BreadcrumbList\",\"@id\":\"https:\/\/www.embutidosortiz.com\/fr\/contact\/#breadcrumb\",\"itemListElement\":[{\"@type\":\"ListItem\",\"position\":1,\"name\":\"Portada\",\"item\":\"https:\/\/www.embutidosortiz.com\/fr\/\"},{\"@type\":\"ListItem\",\"position\":2,\"name\":\"Contact\"}]},{\"@type\":\"WebSite\",\"@id\":\"https:\/\/www.embutidosortiz.com\/#website\",\"url\":\"https:\/\/www.embutidosortiz.com\/\",\"name\":\"Embutidos Ortiz\",\"description\":\"Charcuteros desde 1915\",\"publisher\":{\"@id\":\"https:\/\/www.embutidosortiz.com\/#organization\"},\"potentialAction\":[{\"@type\":\"SearchAction\",\"target\":{\"@type\":\"EntryPoint\",\"urlTemplate\":\"https:\/\/www.embutidosortiz.com\/?s={search_term_string}\"},\"query-input\":\"required name=search_term_string\"}],\"inLanguage\":\"fr-FR\"},{\"@type\":\"Organization\",\"@id\":\"https:\/\/www.embutidosortiz.com\/#organization\",\"name\":\"Embutidos Ortiz\",\"url\":\"https:\/\/www.embutidosortiz.com\/\",\"logo\":{\"@type\":\"ImageObject\",\"inLanguage\":\"fr-FR\",\"@id\":\"https:\/\/www.embutidosortiz.com\/#\/schema\/logo\/image\/\",\"url\":\"https:\/\/www.embutidosortiz.com\/wp-content\/uploads\/2020\/12\/Embutidos-Ortiz-Tienda.png\",\"contentUrl\":\"https:\/\/www.embutidosortiz.com\/wp-content\/uploads\/2020\/12\/Embutidos-Ortiz-Tienda.png\",\"width\":200,\"height\":117,\"caption\":\"Embutidos Ortiz\"},\"image\":{\"@id\":\"https:\/\/www.embutidosortiz.com\/#\/schema\/logo\/image\/\"}}]}<\/script>\n<!-- \/ Yoast SEO plugin. -->","yoast_head_json":{"title":"Contact - Embutidos Ortiz","robots":{"index":"index","follow":"follow","max-snippet":"max-snippet:-1","max-image-preview":"max-image-preview:large","max-video-preview":"max-video-preview:-1"},"canonical":"https:\/\/www.embutidosortiz.com\/fr\/contact\/","og_locale":"fr_FR","og_type":"article","og_title":"Contact - Embutidos Ortiz","og_description":"[vc_row full_width=\u00a0\u00bbstretch_row_content_no_spaces\u00a0\u00bb bg_type=\u00a0\u00bbimage\u00a0\u00bb parallax_style=\u00a0\u00bb\u00a0\u00bb enable_parallax=\u00a0\u00bbtrue\u00a0\u00bb parallax_background=\u00a0\u00bb7222&Prime; css=\u00a0\u00bb.vc_custom_1620641792945{background-image: url(https:\/\/www.embutidosortiz.com\/wp-content\/uploads\/2021\/05\/contacto-slider-top_2_37f9805b6da39f596e575f8a7d9d7743.jpg?id=7222) !important;}\u00a0\u00bb][vc_column][vc_row_inner css=\u00a0\u00bb.vc_custom_1618768077609{margin-top: -3% !important;}\u00a0\u00bb][vc_column_inner width=\u00a0\u00bb1\/3&Prime;][\/vc_column_inner][vc_column_inner width=\u00a0\u00bb1\/3&Prime; css=\u00a0\u00bb.vc_custom_1619992231693{margin-right: 1% !important;margin-left: 1% !important;}\u00a0\u00bb][vc_empty_space height=\u00a0\u00bb60px\u00a0\u00bb][vc_column_text] BOUCHERS DEPUIS 1915 [\/vc_column_text][vc_column_text] EMBUTIDOS DOMINGO ORTIZ MORENO S.L. [\/vc_column_text][vc_separator color=\u00a0\u00bbblack\u00a0\u00bb][vc_column_text] P. I. LENTISCARES, LAS ENCINILLAS, 3 26370, NAVARRETE (LA","og_url":"https:\/\/www.embutidosortiz.com\/fr\/contact\/","og_site_name":"Embutidos Ortiz","article_modified_time":"2021-06-17T10:03:16+00:00","twitter_card":"summary_large_image","twitter_misc":{"Dur\u00e9e de lecture estim\u00e9e":"2 minutes"},"schema":{"@context":"https:\/\/schema.org","@graph":[{"@type":"WebPage","@id":"https:\/\/www.embutidosortiz.com\/fr\/contact\/","url":"https:\/\/www.embutidosortiz.com\/fr\/contact\/","name":"Contact - Embutidos Ortiz","isPartOf":{"@id":"https:\/\/www.embutidosortiz.com\/#website"},"datePublished":"2021-06-17T10:03:15+00:00","dateModified":"2021-06-17T10:03:16+00:00","breadcrumb":{"@id":"https:\/\/www.embutidosortiz.com\/fr\/contact\/#breadcrumb"},"inLanguage":"fr-FR","potentialAction":[{"@type":"ReadAction","target":["https:\/\/www.embutidosortiz.com\/fr\/contact\/"]}]},{"@type":"BreadcrumbList","@id":"https:\/\/www.embutidosortiz.com\/fr\/contact\/#breadcrumb","itemListElement":[{"@type":"ListItem","position":1,"name":"Portada","item":"https:\/\/www.embutidosortiz.com\/fr\/"},{"@type":"ListItem","position":2,"name":"Contact"}]},{"@type":"WebSite","@id":"https:\/\/www.embutidosortiz.com\/#website","url":"https:\/\/www.embutidosortiz.com\/","name":"Embutidos Ortiz","description":"Charcuteros desde 1915","publisher":{"@id":"https:\/\/www.embutidosortiz.com\/#organization"},"potentialAction":[{"@type":"SearchAction","target":{"@type":"EntryPoint","urlTemplate":"https:\/\/www.embutidosortiz.com\/?s={search_term_string}"},"query-input":"required name=search_term_string"}],"inLanguage":"fr-FR"},{"@type":"Organization","@id":"https:\/\/www.embutidosortiz.com\/#organization","name":"Embutidos Ortiz","url":"https:\/\/www.embutidosortiz.com\/","logo":{"@type":"ImageObject","inLanguage":"fr-FR","@id":"https:\/\/www.embutidosortiz.com\/#\/schema\/logo\/image\/","url":"https:\/\/www.embutidosortiz.com\/wp-content\/uploads\/2020\/12\/Embutidos-Ortiz-Tienda.png","contentUrl":"https:\/\/www.embutidosortiz.com\/wp-content\/uploads\/2020\/12\/Embutidos-Ortiz-Tienda.png","width":200,"height":117,"caption":"Embutidos Ortiz"},"image":{"@id":"https:\/\/www.embutidosortiz.com\/#\/schema\/logo\/image\/"}}]}},"_links":{"self":[{"href":"https:\/\/www.embutidosortiz.com\/fr\/wp-json\/wp\/v2\/pages\/8609"}],"collection":[{"href":"https:\/\/www.embutidosortiz.com\/fr\/wp-json\/wp\/v2\/pages"}],"about":[{"href":"https:\/\/www.embutidosortiz.com\/fr\/wp-json\/wp\/v2\/types\/page"}],"author":[{"embeddable":true,"href":"https:\/\/www.embutidosortiz.com\/fr\/wp-json\/wp\/v2\/users\/2"}],"replies":[{"embeddable":true,"href":"https:\/\/www.embutidosortiz.com\/fr\/wp-json\/wp\/v2\/comments?post=8609"}],"version-history":[{"count":6,"href":"https:\/\/www.embutidosortiz.com\/fr\/wp-json\/wp\/v2\/pages\/8609\/revisions"}],"predecessor-version":[{"id":8615,"href":"https:\/\/www.embutidosortiz.com\/fr\/wp-json\/wp\/v2\/pages\/8609\/revisions\/8615"}],"wp:attachment":[{"href":"https:\/\/www.embutidosortiz.com\/fr\/wp-json\/wp\/v2\/media?parent=8609"}],"curies":[{"name":"wp","href":"https:\/\/api.w.org\/{rel}","templated":true}]}}