{"id":6805,"date":"2020-12-15T11:26:28","date_gmt":"2020-12-15T11:26:28","guid":{"rendered":"https:\/\/www.embutidosortiz.com\/politica-privacidad\/"},"modified":"2021-06-08T04:49:13","modified_gmt":"2021-06-08T02:49:13","slug":"politica-privacidad","status":"publish","type":"page","link":"https:\/\/www.embutidosortiz.com\/fr\/politica-privacidad\/","title":{"rendered":"Politique de confidentialit\u00e9"},"content":{"rendered":"\r\n<section id=\"firstContenido\" class=\"anulePad\">\r\n<div id=\"avisoTxt\" class=\"fuente_aviso\">\r\n<p>&nbsp;<\/p>\r\n<h2>1. Qui est responsable du traitement de vos donn\u00e9es ?<\/h2>\r\n<p>Le responsable du traitement des donn\u00e9es relatives aux diff\u00e9rents processus concernant la gestion de nos utilisateurs, clients ou fournisseurs est EMBUTIDOS DOMINGO ORTIZ MORENO S.L., \u00e0 C \/ Las Encinillas, 3 P.I. Lentiscares 26370 Navarrete (province de La Rioja) et CIF B26242677.<\/p>\r\n<p>Aux fins du pr\u00e9sent document, le num\u00e9ro de t\u00e9l\u00e9phone de contact est le 941441044 et l&rsquo;adresse \u00e9lectronique de contact est info@embutidosortiz.com.<\/p>\r\n<h2><br \/>2. Quel type de donn\u00e9es poss\u00e9dons-nous \u00e0 votre sujet et comment les avons-nous obtenues ?<\/h2>\r\n<p>Les cat\u00e9gories de donn\u00e9es personnelles que notre soci\u00e9t\u00e9 traite sur ses clients et fournisseurs sont :<\/p>\r\n<p>Donn\u00e9es d&rsquo;identification<br \/>Donn\u00e9es professionnelles telles que l&rsquo;intitul\u00e9 du poste, les comp\u00e9tences, etc.<br \/>Adresses postales ou \u00e9lectroniques<br \/>Informations sur les entreprises<br \/>Donn\u00e9es financi\u00e8res et transactionnelles<\/p>\r\n<p>Nous ne traitons pas de donn\u00e9es sp\u00e9cialement prot\u00e9g\u00e9es.<\/p>\r\n<p>Nous obtenons toutes les donn\u00e9es susmentionn\u00e9es soit directement de vous lorsque vous nous envoyez un formulaire de contact ou soumettez une offre commerciale, une proposition de contrat, etc., soit de votre entreprise lorsque vous nous fournissez vos donn\u00e9es d&rsquo;identification et d&rsquo;autres informations n\u00e9cessaires \u00e0 la r\u00e9alisation de l&rsquo;objet de la relation contractuelle entre les parties. Il est de votre obligation ou de celle de votre entreprise de nous fournir des donn\u00e9es actualis\u00e9es en cas de changement.<\/p>\r\n<h2>3. Dans quel but traitons-nous vos donn\u00e9es ?<\/h2>\r\n<p>Nous traitons les donn\u00e9es qui nous sont fournies par les personnes concern\u00e9es afin de g\u00e9rer diverses activit\u00e9s d\u00e9coulant de proc\u00e9dures sp\u00e9cifiques men\u00e9es dans le domaine de la vente, du service apr\u00e8s-vente, de la gestion des fournisseurs, de la qualit\u00e9 des services, etc. Ainsi, nous utiliserons vos donn\u00e9es pour mener \u00e0 bien certaines des actions suivantes :<\/p>\r\n<p>(a) L&rsquo;envoi des informations que vous nous demandez par le biais du formulaire de contact de notre site web ou par tout autre moyen de contact avec notre soci\u00e9t\u00e9,<br \/>b) fournir aux clients potentiels et \u00e0 nos clients des offres de produits et de services qui les int\u00e9ressent,<br \/>c) Effectuer la gestion administrative, fiscale et comptable de nos clients et\/ou fournisseurs,<br \/>d) R\u00e9aliser des enqu\u00eates de satisfaction, des \u00e9tudes de march\u00e9, etc. afin de pouvoir vous proposer les offres les plus adapt\u00e9es et une qualit\u00e9 de service optimis\u00e9e, etc.\u00a0\u00a0\u00a0<\/p>\r\n<p>&nbsp;<\/p>\r\n<p><br \/>Nous ne cr\u00e9erons pas de profils d&rsquo;entreprise sur la base des informations fournies et nous ne prendrons donc pas de d\u00e9cisions automatis\u00e9es \u00e0 votre sujet sur la base d&rsquo;un profil d&rsquo;entreprise.<\/p>\r\n<h2>4. Combien de temps conserverons-nous vos donn\u00e9es ?<\/h2>\r\n<p>Les donn\u00e9es personnelles relatives aux personnes li\u00e9es aux clients potentiels, aux clients et aux fournisseurs que nous recueillons par le biais des diff\u00e9rents formulaires de contact et\/ou de collecte d&rsquo;informations seront conserv\u00e9es aussi longtemps que leur suppression ne sera pas demand\u00e9e par la personne concern\u00e9e. Les donn\u00e9es fournies par nos clients et fournisseurs seront conserv\u00e9es tant que la relation commerciale entre les parties est maintenue, en respectant dans tous les cas les dur\u00e9es minimales l\u00e9gales de conservation en fonction du sujet trait\u00e9.<\/p>\r\n<p>Dans tous les cas, nous conserverons vos donn\u00e9es personnelles pendant la p\u00e9riode raisonnablement n\u00e9cessaire compte tenu de nos besoins pour r\u00e9pondre aux questions qui se posent ou r\u00e9soudre les probl\u00e8mes, apporter des am\u00e9liorations, activer de nouveaux services et r\u00e9pondre aux exigences de la loi applicable. Cela signifie que nous pouvons conserver vos donn\u00e9es personnelles pendant une p\u00e9riode raisonnable, m\u00eame apr\u00e8s que vous avez cess\u00e9 d&rsquo;utiliser nos produits ou que vous avez cess\u00e9 d&rsquo;utiliser ce site web. Apr\u00e8s cette p\u00e9riode, vos donn\u00e9es personnelles seront supprim\u00e9es de tous les syst\u00e8mes de notre entreprise.<\/p>\r\n<h2>5. Quelle est la base l\u00e9gitime du traitement de vos donn\u00e9es ?<\/h2>\r\n<br \/>\r\n<p>Selon le type de traitement des donn\u00e9es, nous r\u00e9sumons ci-dessous la base de l\u00e9gitimit\u00e9 de ce traitement :<\/p>\r\n<div align=\"center\">\r\n<table class=\"GridTable1LightAccent1\" border=\"1\" cellspacing=\"0\" cellpadding=\"0\">\r\n<tbody>\r\n<tr>\r\n<td valign=\"top\">\r\n<p><strong>TRATAMIENTO<\/strong><\/p>\r\n<\/td>\r\n<td valign=\"top\">\r\n<p><strong>BASE DE LEGITIMACI\u00d3N<\/strong><\/p>\r\n<\/td>\r\n<\/tr>\r\n<tr>\r\n<td valign=\"top\">\r\n<p><strong>Gesti\u00f3n Contable: <\/strong>gestion de facturaci\u00f3n con clientes y\/o proveedores<\/p>\r\n<\/td>\r\n<td valign=\"top\">\r\n<p>Mantenimiento, desarrollo y control de la relaci\u00f3n contractual entre las partes<\/p>\r\n<\/td>\r\n<\/tr>\r\n<tr>\r\n<td valign=\"top\">\r\n<p><strong>Gesti\u00f3n fiscal: <\/strong>aplicaci\u00f3n de retenciones, bonificaciones, etc.<\/p>\r\n<\/td>\r\n<td valign=\"top\">\r\n<p>Mantenimiento, desarrollo y control de la relaci\u00f3n contractual entre las partes; Cumplimiento obligaciones legales<\/p>\r\n<\/td>\r\n<\/tr>\r\n<tr>\r\n<td valign=\"top\">\r\n<p><strong>Gesti\u00f3n administrativa:\u00a0 <\/strong>gesti\u00f3n de log\u00edstica, almac\u00e9n, entregas al cliente, recepci\u00f3n de mercanc\u00edas, etc.<\/p>\r\n<\/td>\r\n<td valign=\"top\">\r\n<p>Mantenimiento, desarrollo y control de la relaci\u00f3n contractual entre las partes<\/p>\r\n<\/td>\r\n<\/tr>\r\n<tr>\r\n<td valign=\"top\">\r\n<p><strong>Marketing: <\/strong>Acciones comerciales sobre nuestros productos o servicios dirigidas a nuestros clientes o aquellas personas que nos han solicitado informaci\u00f3n relativa en el pasado incluyendo la realizaci\u00f3n de encuestas de satisfacci\u00f3n a nuestros clientes, el env\u00edo de informaci\u00f3n comercial y novedades sobre nuestros servicios y productos, etc.<\/p>\r\n<\/td>\r\n<td valign=\"top\">\r\n<p>Consentimiento libre e inequ\u00edvoco del propio interesado (clientes potenciales), le hacemos constar que la retirada de este consentimiento en ning\u00fan caso puede condicionar la ejecuci\u00f3n del contrato que hubiera entre las partes; Inter\u00e9s leg\u00edtimo de la compa\u00f1\u00eda sobre la promoci\u00f3n y comercializaci\u00f3n de productos o servicios similares a los obtenidos o solicitados por las personas interesadas en el pasado.<\/p>\r\n<\/td>\r\n<\/tr>\r\n<\/tbody>\r\n<\/table>\r\n<\/div>\r\n<p>Vous \u00eates oblig\u00e9 de fournir des donn\u00e9es personnelles, dans le cas o\u00f9 vous ne fournissez pas vos donn\u00e9es personnelles, nous ne serons pas en mesure d&rsquo;ex\u00e9cuter votre contrat, de remplir les obligations l\u00e9gales ou les obligations d\u00e9coulant des autorit\u00e9s publiques.<\/p>\r\n<h2>6. \u00c0 quels destinataires vos donn\u00e9es seront-elles communiqu\u00e9es ?<\/h2>\r\n<p>Notre soci\u00e9t\u00e9 ne partagera jamais vos donn\u00e9es personnelles avec une soci\u00e9t\u00e9 tierce qui a l&rsquo;intention de les utiliser dans ses actions de marketing direct, sauf dans le cas o\u00f9 vous nous avez express\u00e9ment autoris\u00e9s \u00e0 le faire.<\/p>\r\n<p>Nous vous informons que nous pouvons fournir vos donn\u00e9es personnelles aux organismes de l&rsquo;administration publique et aux autorit\u00e9s comp\u00e9tentes dans les cas o\u00f9 nous recevons une exigence l\u00e9gale de la part de ces autorit\u00e9s ou dans les cas o\u00f9, agissant de bonne foi, nous consid\u00e9rons qu&rsquo;une telle action est raisonnablement n\u00e9cessaire pour se conformer \u00e0 une proc\u00e9dure judiciaire ; pour r\u00e9pondre \u00e0 toute r\u00e9clamation ou demande l\u00e9gale ; ou pour prot\u00e9ger les droits de ses clients et du public en g\u00e9n\u00e9ral.<\/p>\r\n<p>Nous vous informons que vos donn\u00e9es ne seront pas transf\u00e9r\u00e9es ou communiqu\u00e9es \u00e0 des tiers, notre soci\u00e9t\u00e9 \u00e9tant la seule responsable de leur traitement et de leur garde.<\/p>\r\n<h2>7. Quels sont vos droits en tant que partie affect\u00e9e ou int\u00e9ress\u00e9e ?<\/h2>\r\n<p>Toute personne a le droit d&rsquo;obtenir la confirmation que nous traitons ou non des donn\u00e9es personnelles la concernant.<\/p>\r\n<p>En particulier, les personnes concern\u00e9es peuvent demander le droit d&rsquo;acc\u00e9der \u00e0 leurs donn\u00e9es personnelles, ainsi que de les recevoir dans un format commun et lisible par machine si le traitement est effectu\u00e9 par voie \u00e9lectronique (droit de portabilit\u00e9).<\/p>\r\n<p>De m\u00eame, les int\u00e9ress\u00e9s peuvent demander le droit de rectifier des donn\u00e9es inexactes ou, le cas \u00e9ch\u00e9ant, de demander leur suppression lorsque, entre autres raisons, les donn\u00e9es ne sont plus n\u00e9cessaires aux fins pour lesquelles elles ont \u00e9t\u00e9 collect\u00e9es.<\/p>\r\n<p>En outre, dans certaines circonstances, les personnes concern\u00e9es peuvent demander la limitation du traitement de leurs donn\u00e9es, ou dans certaines circonstances et pour des raisons li\u00e9es \u00e0 leur situation particuli\u00e8re, les personnes concern\u00e9es peuvent exercer leur droit d&rsquo;opposition au traitement de leurs donn\u00e9es. Notre soci\u00e9t\u00e9 cessera de traiter les donn\u00e9es, sauf pour des raisons l\u00e9gitimes imp\u00e9rieuses, ou pour l&rsquo;exercice ou la d\u00e9fense d&rsquo;\u00e9ventuelles r\u00e9clamations ou dans les exceptions \u00e9tablies dans la r\u00e9glementation applicable.<\/p>\r\n<p>Nous vous informons \u00e9galement que vous avez le droit de retirer votre consentement \u00e0 tout moment, sans que cela n&rsquo;affecte la l\u00e9galit\u00e9 du traitement fond\u00e9 sur le consentement avant son retrait.<\/p>\r\n<p>De m\u00eame, l&rsquo;utilisateur est inform\u00e9 qu&rsquo;il peut \u00e0 tout moment exercer les droits susmentionn\u00e9s en nous \u00e9crivant aux coordonn\u00e9es figurant \u00e0 la section 1, \u00ab\u00a0Contr\u00f4leur des donn\u00e9es\u00a0\u00bb de la pr\u00e9sente politique de protection des donn\u00e9es et de la vie priv\u00e9e, en joignant une copie de sa carte d&rsquo;identit\u00e9 nationale.\u00a0 Vous aurez \u00e9galement le droit d&rsquo;introduire une plainte aupr\u00e8s de l&rsquo;Agence espagnole de protection des donn\u00e9es, notamment lorsque vous n&rsquo;avez pas obtenu satisfaction dans l&rsquo;exercice de vos droits.<\/p>\r\n<p>Agence espagnole de protection des donn\u00e9es.<\/p>\r\n<p>C\/ Jorge Juan, 6<\/p>\r\n<p>28001 &#8211; Madrid<\/p>\r\n<p>T\u00e9l. 901100099 \/ 912663517<\/p>\r\n<h2>8. Protection des donn\u00e9es pour les utilisateurs du site web.<\/h2>\r\n<p>Conform\u00e9ment \u00e0 l&rsquo;actuel R\u00e8glement (UE) 2016\/679, nous vous informons que les donn\u00e9es personnelles des Utilisateurs du site web seront trait\u00e9es pour l&rsquo;activit\u00e9 de traitement indiqu\u00e9e dans chaque formulaire de collecte de donn\u00e9es sur notre site web par la soci\u00e9t\u00e9. Ce traitement de vos donn\u00e9es sera couvert par votre consentement.\u00a0 En cliquant sur le bouton \u00ab\u00a0ENVOYER\u00a0\u00bb, l&rsquo;Utilisateur consent au traitement de ses donn\u00e9es par notre soci\u00e9t\u00e9.<\/p>\r\n<p>De m\u00eame, nous vous informons qu&rsquo;\u00e0 moins d&rsquo;une obligation l\u00e9gale ou d&rsquo;un consentement expr\u00e8s de votre part, notre soci\u00e9t\u00e9 ne transf\u00e9rera pas vos donn\u00e9es \u00e0 des tiers.<\/p>\r\n<p>De m\u00eame, l&rsquo;Utilisateur est inform\u00e9 qu&rsquo;il peut \u00e0 tout moment exercer les droits d&rsquo;acc\u00e8s, de rectification ou de suppression des donn\u00e9es, ainsi que disposer d&rsquo;autres droits reconnus dans le pr\u00e9sent document et r\u00e9glement\u00e9s dans le R\u00e8glement (UE) 2016\/679 , en le notifiant \u00e0 tfn.941441044, email : info@embutidosortiz.com.<\/p>\r\n<p>D&rsquo;autre part, conform\u00e9ment aux dispositions de la loi 34\/2002 du 11 juillet, des services de la soci\u00e9t\u00e9 de l&rsquo;information et du commerce \u00e9lectronique, notre soci\u00e9t\u00e9 s&rsquo;engage \u00e0 ne pas envoyer de publicit\u00e9 par courrier \u00e9lectronique sans avoir obtenu au pr\u00e9alable l&rsquo;autorisation expresse du destinataire. L&rsquo;utilisateur peut s&rsquo;opposer \u00e0 l&rsquo;envoi de publicit\u00e9 en cochant la case correspondante.<\/p>\r\n<br \/>\r\n<h3>9. Autres informations d&rsquo;int\u00e9r\u00eat sur notre politique de confidentialit\u00e9<br \/>9.1 Mesures de s\u00e9curit\u00e9<\/h3>\r\n<p>Notre entreprise adopte les niveaux de s\u00e9curit\u00e9 requis par la l\u00e9gislation europ\u00e9enne et espagnole en vigueur en mati\u00e8re de protection des donn\u00e9es en tenant compte de l&rsquo;\u00e9tat de l&rsquo;art, des co\u00fbts de mise en \u0153uvre et de la nature, de la port\u00e9e, du contexte et des finalit\u00e9s du traitement d\u00e9crit, ainsi que des risques de probabilit\u00e9 et de gravit\u00e9 variables pour vos droits et libert\u00e9s en tant qu&rsquo;individu.<\/p>\r\n<h3>9.2 Traitement des donn\u00e9es relatives aux enfants<\/h3>\r\n<p>En vertu du GDPR UE 679\/2016 et du RD 1720\/2007, les mineurs de plus de 14 ans peuvent consentir \u00e0 la contractualisation de services de la soci\u00e9t\u00e9 de l&rsquo;information, tels que l&rsquo;inscription \u00e0 un forum, le remplissage d&rsquo;un formulaire de contact, etc. Toutefois, il appartiendra \u00e0 EMBUTIDOS DOMINGO ORTIZ MORENO S.L. de v\u00e9rifier la v\u00e9racit\u00e9 de l&rsquo;\u00e2ge indiqu\u00e9 par le mineur.<\/p>\r\n<p>Pour le traitement des donn\u00e9es des mineurs de moins de 14 ans, ladite collecte de donn\u00e9es sera toujours effectu\u00e9e avec le consentement expr\u00e8s des parents ou des tuteurs l\u00e9gaux.<\/p>\r\n<h3>9.3 Modifications de notre politique de protection des donn\u00e9es et de confidentialit\u00e9<\/h3>\r\n<p>De temps \u00e0 autre, notre soci\u00e9t\u00e9 peut apporter des modifications et des corrections \u00e0 cette section de la politique de protection des donn\u00e9es pour les utilisateurs, les clients et les fournisseurs. Veuillez consulter r\u00e9guli\u00e8rement cette section pour voir quels changements ont \u00e9t\u00e9 apport\u00e9s et comment ils peuvent vous affecter.<\/p>\r\n<h3>9.4 Pourquoi est-il n\u00e9cessaire d&rsquo;accepter cette politique de confidentialit\u00e9 et de protection des donn\u00e9es ?<\/h3>\r\n<p>Cette section de la politique de protection des donn\u00e9es pour les utilisateurs, clients et fournisseurs vous fournit de mani\u00e8re facilement accessible toutes les informations n\u00e9cessaires pour vous permettre de conna\u00eetre le type de donn\u00e9es que nous conservons sur vos clients, clients et\/ou fournisseurs potentiels, les finalit\u00e9s poursuivies, les droits que la r\u00e9glementation sur la protection des donn\u00e9es vous reconna\u00eet en tant que personne concern\u00e9e et la mani\u00e8re d&rsquo;exercer ces droits. Par cons\u00e9quent, avec l&rsquo;envoi d\u00e9lib\u00e9r\u00e9 de vos donn\u00e9es personnelles par nos moyens de contact et\/ou avec l&rsquo;initiation de la relation d&rsquo;affaires avec notre soci\u00e9t\u00e9, nous consid\u00e9rons que vous reconnaissez et acceptez le traitement de vos donn\u00e9es personnelles tel que d\u00e9crit dans cette politique. Ces informations personnelles ne seront utilis\u00e9es qu&rsquo;aux fins pour lesquelles vous nous les avez fournies ou si certaines r\u00e9glementations nationales ou r\u00e9gionales nous y autorisent.<\/p>\r\n<p>Dans tous les cas, nous devons vous avertir qu&rsquo;un refus de votre part de nous fournir certaines donn\u00e9es demand\u00e9es pourrait entraver le d\u00e9veloppement de la relation contractuelle entre les parties avec d&rsquo;\u00e9ventuelles cons\u00e9quences graves au moment de la prestation des diff\u00e9rents services envisag\u00e9s dans le cadre du contrat commercial conclu avec la partie contractante.<\/p>\r\n<p>Si vous avez des questions concernant cette section de la politique de protection des donn\u00e9es pour les clients potentiels, les clients et les fournisseurs de notre soci\u00e9t\u00e9, veuillez contacter la soci\u00e9t\u00e9 en utilisant l&rsquo;adresse fournie dans la premi\u00e8re section \u00ab\u00a0Contr\u00f4leur de donn\u00e9es\u00a0\u00bb et nous serons heureux de vous aider et de r\u00e9pondre \u00e0 toute question suppl\u00e9mentaire que vous pourriez avoir.<\/p>\r\n<h2>10. L\u00e9gislation applicable<\/h2>\r\n<p>Les pr\u00e9sentes conditions sont r\u00e9gies \u00e0 tout moment par les dispositions de la l\u00e9gislation espagnole et europ\u00e9enne en mati\u00e8re de protection des donn\u00e9es personnelles et de la vie priv\u00e9e.<\/p>\r\n<\/div>\r\n<\/section>\r\n","protected":false},"excerpt":{"rendered":"<p>&nbsp; 1. Qui est responsable du traitement de vos donn\u00e9es ? Le responsable du traitement des donn\u00e9es relatives aux diff\u00e9rents processus concernant la gestion de nos utilisateurs, clients ou fournisseurs est EMBUTIDOS DOMINGO ORTIZ MORENO S.L., \u00e0 C \/ Las<\/p>\n","protected":false},"author":2,"featured_media":0,"parent":0,"menu_order":0,"comment_status":"closed","ping_status":"open","template":"","meta":[],"yoast_head":"<!-- This site is optimized with the Yoast SEO plugin v20.1 - https:\/\/yoast.com\/wordpress\/plugins\/seo\/ -->\n<title>Politique de confidentialit\u00e9 - Embutidos Ortiz<\/title>\n<meta name=\"robots\" content=\"index, follow, max-snippet:-1, max-image-preview:large, max-video-preview:-1\" \/>\n<link rel=\"canonical\" href=\"https:\/\/www.embutidosortiz.com\/fr\/politica-privacidad\/\" \/>\n<meta property=\"og:locale\" content=\"fr_FR\" \/>\n<meta property=\"og:type\" content=\"article\" \/>\n<meta property=\"og:title\" content=\"Politique de confidentialit\u00e9 - Embutidos Ortiz\" \/>\n<meta property=\"og:description\" content=\"&nbsp; 1. Qui est responsable du traitement de vos donn\u00e9es ? Le responsable du traitement des donn\u00e9es relatives aux diff\u00e9rents processus concernant la gestion de nos utilisateurs, clients ou fournisseurs est EMBUTIDOS DOMINGO ORTIZ MORENO S.L., \u00e0 C \/ Las\" \/>\n<meta property=\"og:url\" content=\"https:\/\/www.embutidosortiz.com\/fr\/politica-privacidad\/\" \/>\n<meta property=\"og:site_name\" content=\"Embutidos Ortiz\" \/>\n<meta property=\"article:modified_time\" content=\"2021-06-08T02:49:13+00:00\" \/>\n<meta name=\"twitter:card\" content=\"summary_large_image\" \/>\n<meta name=\"twitter:label1\" content=\"Dur\u00e9e de lecture estim\u00e9e\" \/>\n\t<meta name=\"twitter:data1\" content=\"11 minutes\" \/>\n<script type=\"application\/ld+json\" class=\"yoast-schema-graph\">{\"@context\":\"https:\/\/schema.org\",\"@graph\":[{\"@type\":\"WebPage\",\"@id\":\"https:\/\/www.embutidosortiz.com\/fr\/politica-privacidad\/\",\"url\":\"https:\/\/www.embutidosortiz.com\/fr\/politica-privacidad\/\",\"name\":\"Politique de confidentialit\u00e9 - Embutidos Ortiz\",\"isPartOf\":{\"@id\":\"https:\/\/www.embutidosortiz.com\/#website\"},\"datePublished\":\"2020-12-15T11:26:28+00:00\",\"dateModified\":\"2021-06-08T02:49:13+00:00\",\"breadcrumb\":{\"@id\":\"https:\/\/www.embutidosortiz.com\/fr\/politica-privacidad\/#breadcrumb\"},\"inLanguage\":\"fr-FR\",\"potentialAction\":[{\"@type\":\"ReadAction\",\"target\":[\"https:\/\/www.embutidosortiz.com\/fr\/politica-privacidad\/\"]}]},{\"@type\":\"BreadcrumbList\",\"@id\":\"https:\/\/www.embutidosortiz.com\/fr\/politica-privacidad\/#breadcrumb\",\"itemListElement\":[{\"@type\":\"ListItem\",\"position\":1,\"name\":\"Portada\",\"item\":\"https:\/\/www.embutidosortiz.com\/fr\/\"},{\"@type\":\"ListItem\",\"position\":2,\"name\":\"Politique de confidentialit\u00e9\"}]},{\"@type\":\"WebSite\",\"@id\":\"https:\/\/www.embutidosortiz.com\/#website\",\"url\":\"https:\/\/www.embutidosortiz.com\/\",\"name\":\"Embutidos Ortiz\",\"description\":\"Charcuteros desde 1915\",\"publisher\":{\"@id\":\"https:\/\/www.embutidosortiz.com\/#organization\"},\"potentialAction\":[{\"@type\":\"SearchAction\",\"target\":{\"@type\":\"EntryPoint\",\"urlTemplate\":\"https:\/\/www.embutidosortiz.com\/?s={search_term_string}\"},\"query-input\":\"required name=search_term_string\"}],\"inLanguage\":\"fr-FR\"},{\"@type\":\"Organization\",\"@id\":\"https:\/\/www.embutidosortiz.com\/#organization\",\"name\":\"Embutidos Ortiz\",\"url\":\"https:\/\/www.embutidosortiz.com\/\",\"logo\":{\"@type\":\"ImageObject\",\"inLanguage\":\"fr-FR\",\"@id\":\"https:\/\/www.embutidosortiz.com\/#\/schema\/logo\/image\/\",\"url\":\"https:\/\/www.embutidosortiz.com\/wp-content\/uploads\/2020\/12\/Embutidos-Ortiz-Tienda.png\",\"contentUrl\":\"https:\/\/www.embutidosortiz.com\/wp-content\/uploads\/2020\/12\/Embutidos-Ortiz-Tienda.png\",\"width\":200,\"height\":117,\"caption\":\"Embutidos Ortiz\"},\"image\":{\"@id\":\"https:\/\/www.embutidosortiz.com\/#\/schema\/logo\/image\/\"}}]}<\/script>\n<!-- \/ Yoast SEO plugin. -->","yoast_head_json":{"title":"Politique de confidentialit\u00e9 - Embutidos Ortiz","robots":{"index":"index","follow":"follow","max-snippet":"max-snippet:-1","max-image-preview":"max-image-preview:large","max-video-preview":"max-video-preview:-1"},"canonical":"https:\/\/www.embutidosortiz.com\/fr\/politica-privacidad\/","og_locale":"fr_FR","og_type":"article","og_title":"Politique de confidentialit\u00e9 - Embutidos Ortiz","og_description":"&nbsp; 1. Qui est responsable du traitement de vos donn\u00e9es ? Le responsable du traitement des donn\u00e9es relatives aux diff\u00e9rents processus concernant la gestion de nos utilisateurs, clients ou fournisseurs est EMBUTIDOS DOMINGO ORTIZ MORENO S.L., \u00e0 C \/ Las","og_url":"https:\/\/www.embutidosortiz.com\/fr\/politica-privacidad\/","og_site_name":"Embutidos Ortiz","article_modified_time":"2021-06-08T02:49:13+00:00","twitter_card":"summary_large_image","twitter_misc":{"Dur\u00e9e de lecture estim\u00e9e":"11 minutes"},"schema":{"@context":"https:\/\/schema.org","@graph":[{"@type":"WebPage","@id":"https:\/\/www.embutidosortiz.com\/fr\/politica-privacidad\/","url":"https:\/\/www.embutidosortiz.com\/fr\/politica-privacidad\/","name":"Politique de confidentialit\u00e9 - Embutidos Ortiz","isPartOf":{"@id":"https:\/\/www.embutidosortiz.com\/#website"},"datePublished":"2020-12-15T11:26:28+00:00","dateModified":"2021-06-08T02:49:13+00:00","breadcrumb":{"@id":"https:\/\/www.embutidosortiz.com\/fr\/politica-privacidad\/#breadcrumb"},"inLanguage":"fr-FR","potentialAction":[{"@type":"ReadAction","target":["https:\/\/www.embutidosortiz.com\/fr\/politica-privacidad\/"]}]},{"@type":"BreadcrumbList","@id":"https:\/\/www.embutidosortiz.com\/fr\/politica-privacidad\/#breadcrumb","itemListElement":[{"@type":"ListItem","position":1,"name":"Portada","item":"https:\/\/www.embutidosortiz.com\/fr\/"},{"@type":"ListItem","position":2,"name":"Politique de confidentialit\u00e9"}]},{"@type":"WebSite","@id":"https:\/\/www.embutidosortiz.com\/#website","url":"https:\/\/www.embutidosortiz.com\/","name":"Embutidos Ortiz","description":"Charcuteros desde 1915","publisher":{"@id":"https:\/\/www.embutidosortiz.com\/#organization"},"potentialAction":[{"@type":"SearchAction","target":{"@type":"EntryPoint","urlTemplate":"https:\/\/www.embutidosortiz.com\/?s={search_term_string}"},"query-input":"required name=search_term_string"}],"inLanguage":"fr-FR"},{"@type":"Organization","@id":"https:\/\/www.embutidosortiz.com\/#organization","name":"Embutidos Ortiz","url":"https:\/\/www.embutidosortiz.com\/","logo":{"@type":"ImageObject","inLanguage":"fr-FR","@id":"https:\/\/www.embutidosortiz.com\/#\/schema\/logo\/image\/","url":"https:\/\/www.embutidosortiz.com\/wp-content\/uploads\/2020\/12\/Embutidos-Ortiz-Tienda.png","contentUrl":"https:\/\/www.embutidosortiz.com\/wp-content\/uploads\/2020\/12\/Embutidos-Ortiz-Tienda.png","width":200,"height":117,"caption":"Embutidos Ortiz"},"image":{"@id":"https:\/\/www.embutidosortiz.com\/#\/schema\/logo\/image\/"}}]}},"_links":{"self":[{"href":"https:\/\/www.embutidosortiz.com\/fr\/wp-json\/wp\/v2\/pages\/6805"}],"collection":[{"href":"https:\/\/www.embutidosortiz.com\/fr\/wp-json\/wp\/v2\/pages"}],"about":[{"href":"https:\/\/www.embutidosortiz.com\/fr\/wp-json\/wp\/v2\/types\/page"}],"author":[{"embeddable":true,"href":"https:\/\/www.embutidosortiz.com\/fr\/wp-json\/wp\/v2\/users\/2"}],"replies":[{"embeddable":true,"href":"https:\/\/www.embutidosortiz.com\/fr\/wp-json\/wp\/v2\/comments?post=6805"}],"version-history":[{"count":3,"href":"https:\/\/www.embutidosortiz.com\/fr\/wp-json\/wp\/v2\/pages\/6805\/revisions"}],"predecessor-version":[{"id":7884,"href":"https:\/\/www.embutidosortiz.com\/fr\/wp-json\/wp\/v2\/pages\/6805\/revisions\/7884"}],"wp:attachment":[{"href":"https:\/\/www.embutidosortiz.com\/fr\/wp-json\/wp\/v2\/media?parent=6805"}],"curies":[{"name":"wp","href":"https:\/\/api.w.org\/{rel}","templated":true}]}}