{"id":6626,"date":"2021-04-15T16:55:52","date_gmt":"2021-04-15T14:55:52","guid":{"rendered":"https:\/\/www.embutidosortiz.com\/curados-chorizo-extra-sarta\/"},"modified":"2021-06-24T06:09:47","modified_gmt":"2021-06-24T04:09:47","slug":"curados-chorizo-extra-sarta","status":"publish","type":"page","link":"https:\/\/www.embutidosortiz.com\/fr\/curados-chorizo-extra-sarta\/","title":{"rendered":"CURADOS CHORIZO EXTRA SARTA"},"content":{"rendered":"<p>[vc_row full_width=\u00a0\u00bbstretch_row_content_no_spaces\u00a0\u00bb bg_type=\u00a0\u00bbbg_color\u00a0\u00bb bg_override=\u00a0\u00bbex-full\u00a0\u00bb bg_color_value=\u00a0\u00bb#faf6ea\u00a0\u00bb css=\u00a0\u00bb.vc_custom_1619988756695{margin-bottom: -8% !important;}\u00a0\u00bb][vc_column width=\u00a0\u00bb1\/5&Prime; offset=\u00a0\u00bbvc_hidden-xs\u00a0\u00bb]<div class=\"ult_row_spacer\"><div class=\"ult-sticky-anchor\"><div class=\"ult-sticky-section ult-sticky \"  data-stick_behaviour= 'stick_with_scroll_row'  data-sticky_position= 'top' data-mobile='no' data-support='no'>[vc_wp_custommenu nav_menu=\u00a0\u00bb77&Prime;]<\/div><div class=\"ult-space\"><\/div><\/div><\/div>[\/vc_column][vc_column width=\u00a0\u00bb4\/5&Prime;][vc_column_text css=\u00a0\u00bb.vc_custom_1623090122320{margin-top: 5% !important;}\u00a0\u00bb]<\/p>\n<div id=\"prodTit\" class=\"noAutoShow entraTextoVideos\">\n<h4 class=\"fuente_8\" style=\"text-align: center;\" data-delayapear=\"0\"><span style=\"font-family: 'Playfair Display'; font-size: 2.5em; font-weight: light;\">CHORIZO EXTRA SARTA<\/span><\/h4>\n<\/div>\n<div id=\"prodSubTit\" class=\"fuente_5 noAutoShow entraTextoVideos\" style=\"text-align: center;\" data-delayapear=\"150\"><span style=\"color: #d25d13; letter-spacing: 0.1em;\">SOURCE DE PROT\u00c9INES<\/span><\/div>\n<p>[\/vc_column_text][vc_column_text css=\u00a0\u00bb.vc_custom_1623090141237{margin-right: 20% !important;margin-left: 20% !important;}\u00a0\u00bb]<\/p>\n<div id=\"prodTit\" class=\"noAutoShow entraTextoVideos\"><\/div>\n<div id=\"prodSubTxtList\" class=\"fuente_8 noAutoShow entraTextoVideos\" data-delayapear=\"250\">\n<p style=\"text-align: center; font-family: 'Playfair Display';\">Le chorizo traditionnel le plus populaire et le plus caract\u00e9ristique d&rsquo;Espagne avec sa forme particuli\u00e8re en fer \u00e0 cheval.<\/p>\n<\/div>\n<p>[\/vc_column_text][vc_single_image image=\u00a0\u00bb6627&Prime; img_size=\u00a0\u00bbfull\u00a0\u00bb alignment=\u00a0\u00bbcenter\u00a0\u00bb][vc_row_inner css=\u00a0\u00bb.vc_custom_1619717100002{margin-right: 5% !important;}\u00a0\u00bb][vc_column_inner width=\u00a0\u00bb1\/3&Prime; css=\u00a0\u00bb.vc_custom_1619988765899{margin-left: 2% !important;}\u00a0\u00bb][vc_column_text]<\/p>\n<div id=\"prodSubTit\" class=\"fuente_5 noAutoShow entraTextoVideos\" style=\"text-align: left;\" data-delayapear=\"150\"><strong><span style=\"color: #d25d13;\">\u00c9LABORATION<\/span><\/strong><\/div>\n<hr \/>\n<p>[\/vc_column_text][vc_column_text]<\/p>\n<div id=\"prodTit\" class=\"noAutoShow entraTextoVideos\"><\/div>\n<div id=\"prodSubTxtList\" class=\"fuente_8 noAutoShow entraTextoVideos\" data-delayapear=\"250\">\n<p style=\"text-align: left;\">La meilleure viande de porc est indispensable pour \u00e9laborer un chorizo, qui est pr\u00e9sent\u00e9 sans gluten et sans colorant artificiel.<\/p>\n<\/div>\n<p>[\/vc_column_text][vc_column_text]<\/p>\n<div id=\"prodSubTit\" class=\"fuente_5 noAutoShow entraTextoVideos\" style=\"text-align: left;\" data-delayapear=\"150\"><strong><span style=\"color: #d25d13;\">CONSOMMATION<\/span><\/strong><\/div>\n<hr \/>\n<p>[\/vc_column_text][vc_column_text]<\/p>\n<div id=\"prodTit\" class=\"noAutoShow entraTextoVideos\"><\/div>\n<div id=\"prodSubTxtList\" class=\"fuente_8 noAutoShow entraTextoVideos\" data-delayapear=\"250\">\n<p style=\"text-align: left;\">Id\u00e9al pour \u00eatre mang\u00e9 cru ou cuit en ap\u00e9ritif. Il est \u00e9galement essentiel pour les l\u00e9gumes, les rago\u00fbts et autres plats \u00e0 la cuill\u00e8re.<\/p>\n<\/div>\n<p>[\/vc_column_text][\/vc_column_inner][vc_column_inner width=\u00a0\u00bb1\/3&Prime;][vc_column_text css=\u00a0\u00bb.vc_custom_1623090191808{margin-right: 5% !important;margin-left: 5% !important;}\u00a0\u00bb]<\/p>\n<div id=\"prodSubTit\" class=\"fuente_5 noAutoShow entraTextoVideos\" style=\"text-align: center;\" data-delayapear=\"150\"><strong><span style=\"color: #d25d13;\">PR\u00c9SENTATION<\/span><\/strong><\/div>\n<hr \/>\n<p>[\/vc_column_text][vc_single_image image=\u00a0\u00bb6633&Prime; img_size=\u00a0\u00bbfull\u00a0\u00bb alignment=\u00a0\u00bbcenter\u00a0\u00bb css=\u00a0\u00bb.vc_custom_1618505749229{margin-top: 3% !important;}\u00a0\u00bb][\/vc_column_inner][vc_column_inner width=\u00a0\u00bb1\/3&Prime; css=\u00a0\u00bb.vc_custom_1619988773872{margin-left: 2% !important;}\u00a0\u00bb][vc_column_text]<\/p>\n<div id=\"prodSubTit\" class=\"fuente_5 noAutoShow entraTextoVideos\" style=\"text-align: left;\" data-delayapear=\"150\"><strong><span style=\"color: #d25d13;\">INGR\u00c9DIENTS<\/span><\/strong><\/div>\n<hr \/>\n<p>[\/vc_column_text][vc_column_text]<\/p>\n<div id=\"prodTit\" class=\"noAutoShow entraTextoVideos\"><\/div>\n<div id=\"prodSubTxtList\" class=\"fuente_8 noAutoShow entraTextoVideos\" data-delayapear=\"250\">\n<div id=\"ingredientes\">\n<p class=\"cata_cont hypenado\">Porc, sel, paprika, LACTOSE, sucre, dextrose, \u00e9pices, stabilisateurs (E-450, E-452), antioxydant (E-301), conservateur (E-250). Boyau naturel de porc.<\/p>\n<\/div>\n<\/div>\n<p>[\/vc_column_text][vc_column_text]<\/p>\n<div id=\"prodTit\" class=\"noAutoShow entraTextoVideos\"><\/div>\n<div id=\"prodSubTit\" class=\"fuente_5 noAutoShow entraTextoVideos\" style=\"text-align: left;\" data-delayapear=\"150\"><strong><span style=\"color: #d25d13;\">INFORMATION NUTRITIONNELLE<br \/>\n(pour 100 grs.)<\/span><\/strong><\/div>\n<hr \/>\n<p>[\/vc_column_text][vc_column_text]<\/p>\n<table border=\"1px solid #817c7b\" width=\"100%\">\n<tbody>\n<tr>\n<td style=\"text-align: left;\"><span style=\"font-size: 8pt;\"><strong>VALEUR<\/strong><\/span><\/p>\n<p><span style=\"font-size: 8pt;\"><strong>\u00c9NERG\u00c9TIQUE<\/strong><\/span><\/td>\n<td style=\"text-align: right;\"><span style=\"font-size: 8pt;\">1737 kj<\/span><br \/>\n<span style=\"font-size: 8pt;\">419 kcal<\/span><\/td>\n<\/tr>\n<tr>\n<td style=\"text-align: left;\"><span style=\"font-size: 8pt;\"><strong>GRAS<\/strong><\/span><br \/>\n<span style=\"font-size: 8pt;\">don Satur\u00e9s<br \/>\n<\/span><\/td>\n<td style=\"text-align: right;\"><span style=\"font-size: 8pt;\">35 g<\/span><br \/>\n<span style=\"font-size: 8pt;\">15 g<\/span><\/td>\n<\/tr>\n<tr>\n<td style=\"text-align: left;\"><span style=\"font-size: 8pt;\"><strong>CARBOHYDRATES<\/strong><br \/>\ndon sucres<\/span><\/td>\n<td style=\"text-align: right;\"><span style=\"font-size: 8pt;\">1,4 g<\/span><br \/>\n<span style=\"font-size: 8pt;\">1,2 g<\/span><\/td>\n<\/tr>\n<tr>\n<td style=\"text-align: left;\"><span style=\"font-size: 8pt;\"><strong>PROTEINES<\/strong><\/span><\/td>\n<td style=\"text-align: right;\"><span style=\"font-size: 8pt;\">24 g<\/span><\/td>\n<\/tr>\n<tr>\n<td style=\"text-align: left;\"><span style=\"font-size: 8pt;\"><strong>SEL<\/strong><\/span><\/td>\n<td style=\"text-align: right;\"><span style=\"font-size: 8pt;\">2,7 g<\/span><\/td>\n<\/tr>\n<\/tbody>\n<\/table>\n<p>[\/vc_column_text][\/vc_column_inner][\/vc_row_inner][\/vc_column][\/vc_row]<\/p>\n","protected":false},"excerpt":{"rendered":"<p>[vc_row full_width=\u00a0\u00bbstretch_row_content_no_spaces\u00a0\u00bb bg_type=\u00a0\u00bbbg_color\u00a0\u00bb bg_override=\u00a0\u00bbex-full\u00a0\u00bb bg_color_value=\u00a0\u00bb#faf6ea\u00a0\u00bb css=\u00a0\u00bb.vc_custom_1619988756695{margin-bottom: -8% !important;}\u00a0\u00bb][vc_column width=\u00a0\u00bb1\/5&Prime; offset=\u00a0\u00bbvc_hidden-xs\u00a0\u00bb][\/vc_column][vc_column width=\u00a0\u00bb4\/5&Prime;][vc_column_text css=\u00a0\u00bb.vc_custom_1623090122320{margin-top: 5% !important;}\u00a0\u00bb] CHORIZO EXTRA SARTA SOURCE DE PROT\u00c9INES [\/vc_column_text][vc_column_text css=\u00a0\u00bb.vc_custom_1623090141237{margin-right: 20% !important;margin-left: 20% !important;}\u00a0\u00bb] Le chorizo traditionnel le plus populaire et le plus caract\u00e9ristique d&rsquo;Espagne avec sa forme<\/p>\n","protected":false},"author":2,"featured_media":0,"parent":0,"menu_order":0,"comment_status":"closed","ping_status":"closed","template":"","meta":[],"yoast_head":"<!-- This site is optimized with the Yoast SEO plugin v20.1 - https:\/\/yoast.com\/wordpress\/plugins\/seo\/ -->\n<title>CURADOS CHORIZO EXTRA SARTA - Embutidos Ortiz<\/title>\n<meta name=\"robots\" content=\"index, follow, max-snippet:-1, max-image-preview:large, max-video-preview:-1\" \/>\n<link rel=\"canonical\" href=\"https:\/\/www.embutidosortiz.com\/fr\/curados-chorizo-extra-sarta\/\" \/>\n<meta property=\"og:locale\" content=\"fr_FR\" \/>\n<meta property=\"og:type\" content=\"article\" \/>\n<meta property=\"og:title\" content=\"CURADOS CHORIZO EXTRA SARTA - Embutidos Ortiz\" \/>\n<meta property=\"og:description\" content=\"[vc_row full_width=\u00a0\u00bbstretch_row_content_no_spaces\u00a0\u00bb bg_type=\u00a0\u00bbbg_color\u00a0\u00bb bg_override=\u00a0\u00bbex-full\u00a0\u00bb bg_color_value=\u00a0\u00bb#faf6ea\u00a0\u00bb css=\u00a0\u00bb.vc_custom_1619988756695{margin-bottom: -8% !important;}\u00a0\u00bb][vc_column width=\u00a0\u00bb1\/5&Prime; offset=\u00a0\u00bbvc_hidden-xs\u00a0\u00bb][\/vc_column][vc_column width=\u00a0\u00bb4\/5&Prime;][vc_column_text css=\u00a0\u00bb.vc_custom_1623090122320{margin-top: 5% !important;}\u00a0\u00bb] CHORIZO EXTRA SARTA SOURCE DE PROT\u00c9INES [\/vc_column_text][vc_column_text css=\u00a0\u00bb.vc_custom_1623090141237{margin-right: 20% !important;margin-left: 20% !important;}\u00a0\u00bb] Le chorizo traditionnel le plus populaire et le plus caract\u00e9ristique d&rsquo;Espagne avec sa forme\" \/>\n<meta property=\"og:url\" content=\"https:\/\/www.embutidosortiz.com\/fr\/curados-chorizo-extra-sarta\/\" \/>\n<meta property=\"og:site_name\" content=\"Embutidos Ortiz\" \/>\n<meta property=\"article:modified_time\" content=\"2021-06-24T04:09:47+00:00\" \/>\n<meta name=\"twitter:card\" content=\"summary_large_image\" \/>\n<meta name=\"twitter:label1\" content=\"Dur\u00e9e de lecture estim\u00e9e\" \/>\n\t<meta name=\"twitter:data1\" content=\"2 minutes\" \/>\n<script type=\"application\/ld+json\" class=\"yoast-schema-graph\">{\"@context\":\"https:\/\/schema.org\",\"@graph\":[{\"@type\":\"WebPage\",\"@id\":\"https:\/\/www.embutidosortiz.com\/fr\/curados-chorizo-extra-sarta\/\",\"url\":\"https:\/\/www.embutidosortiz.com\/fr\/curados-chorizo-extra-sarta\/\",\"name\":\"CURADOS CHORIZO EXTRA SARTA - Embutidos Ortiz\",\"isPartOf\":{\"@id\":\"https:\/\/www.embutidosortiz.com\/#website\"},\"datePublished\":\"2021-04-15T14:55:52+00:00\",\"dateModified\":\"2021-06-24T04:09:47+00:00\",\"breadcrumb\":{\"@id\":\"https:\/\/www.embutidosortiz.com\/fr\/curados-chorizo-extra-sarta\/#breadcrumb\"},\"inLanguage\":\"fr-FR\",\"potentialAction\":[{\"@type\":\"ReadAction\",\"target\":[\"https:\/\/www.embutidosortiz.com\/fr\/curados-chorizo-extra-sarta\/\"]}]},{\"@type\":\"BreadcrumbList\",\"@id\":\"https:\/\/www.embutidosortiz.com\/fr\/curados-chorizo-extra-sarta\/#breadcrumb\",\"itemListElement\":[{\"@type\":\"ListItem\",\"position\":1,\"name\":\"Portada\",\"item\":\"https:\/\/www.embutidosortiz.com\/fr\/\"},{\"@type\":\"ListItem\",\"position\":2,\"name\":\"CURADOS CHORIZO EXTRA SARTA\"}]},{\"@type\":\"WebSite\",\"@id\":\"https:\/\/www.embutidosortiz.com\/#website\",\"url\":\"https:\/\/www.embutidosortiz.com\/\",\"name\":\"Embutidos Ortiz\",\"description\":\"Charcuteros desde 1915\",\"publisher\":{\"@id\":\"https:\/\/www.embutidosortiz.com\/#organization\"},\"potentialAction\":[{\"@type\":\"SearchAction\",\"target\":{\"@type\":\"EntryPoint\",\"urlTemplate\":\"https:\/\/www.embutidosortiz.com\/?s={search_term_string}\"},\"query-input\":\"required name=search_term_string\"}],\"inLanguage\":\"fr-FR\"},{\"@type\":\"Organization\",\"@id\":\"https:\/\/www.embutidosortiz.com\/#organization\",\"name\":\"Embutidos Ortiz\",\"url\":\"https:\/\/www.embutidosortiz.com\/\",\"logo\":{\"@type\":\"ImageObject\",\"inLanguage\":\"fr-FR\",\"@id\":\"https:\/\/www.embutidosortiz.com\/#\/schema\/logo\/image\/\",\"url\":\"https:\/\/www.embutidosortiz.com\/wp-content\/uploads\/2020\/12\/Embutidos-Ortiz-Tienda.png\",\"contentUrl\":\"https:\/\/www.embutidosortiz.com\/wp-content\/uploads\/2020\/12\/Embutidos-Ortiz-Tienda.png\",\"width\":200,\"height\":117,\"caption\":\"Embutidos Ortiz\"},\"image\":{\"@id\":\"https:\/\/www.embutidosortiz.com\/#\/schema\/logo\/image\/\"}}]}<\/script>\n<!-- \/ Yoast SEO plugin. -->","yoast_head_json":{"title":"CURADOS CHORIZO EXTRA SARTA - Embutidos Ortiz","robots":{"index":"index","follow":"follow","max-snippet":"max-snippet:-1","max-image-preview":"max-image-preview:large","max-video-preview":"max-video-preview:-1"},"canonical":"https:\/\/www.embutidosortiz.com\/fr\/curados-chorizo-extra-sarta\/","og_locale":"fr_FR","og_type":"article","og_title":"CURADOS CHORIZO EXTRA SARTA - Embutidos Ortiz","og_description":"[vc_row full_width=\u00a0\u00bbstretch_row_content_no_spaces\u00a0\u00bb bg_type=\u00a0\u00bbbg_color\u00a0\u00bb bg_override=\u00a0\u00bbex-full\u00a0\u00bb bg_color_value=\u00a0\u00bb#faf6ea\u00a0\u00bb css=\u00a0\u00bb.vc_custom_1619988756695{margin-bottom: -8% !important;}\u00a0\u00bb][vc_column width=\u00a0\u00bb1\/5&Prime; offset=\u00a0\u00bbvc_hidden-xs\u00a0\u00bb][\/vc_column][vc_column width=\u00a0\u00bb4\/5&Prime;][vc_column_text css=\u00a0\u00bb.vc_custom_1623090122320{margin-top: 5% !important;}\u00a0\u00bb] CHORIZO EXTRA SARTA SOURCE DE PROT\u00c9INES [\/vc_column_text][vc_column_text css=\u00a0\u00bb.vc_custom_1623090141237{margin-right: 20% !important;margin-left: 20% !important;}\u00a0\u00bb] Le chorizo traditionnel le plus populaire et le plus caract\u00e9ristique d&rsquo;Espagne avec sa forme","og_url":"https:\/\/www.embutidosortiz.com\/fr\/curados-chorizo-extra-sarta\/","og_site_name":"Embutidos Ortiz","article_modified_time":"2021-06-24T04:09:47+00:00","twitter_card":"summary_large_image","twitter_misc":{"Dur\u00e9e de lecture estim\u00e9e":"2 minutes"},"schema":{"@context":"https:\/\/schema.org","@graph":[{"@type":"WebPage","@id":"https:\/\/www.embutidosortiz.com\/fr\/curados-chorizo-extra-sarta\/","url":"https:\/\/www.embutidosortiz.com\/fr\/curados-chorizo-extra-sarta\/","name":"CURADOS CHORIZO EXTRA SARTA - Embutidos Ortiz","isPartOf":{"@id":"https:\/\/www.embutidosortiz.com\/#website"},"datePublished":"2021-04-15T14:55:52+00:00","dateModified":"2021-06-24T04:09:47+00:00","breadcrumb":{"@id":"https:\/\/www.embutidosortiz.com\/fr\/curados-chorizo-extra-sarta\/#breadcrumb"},"inLanguage":"fr-FR","potentialAction":[{"@type":"ReadAction","target":["https:\/\/www.embutidosortiz.com\/fr\/curados-chorizo-extra-sarta\/"]}]},{"@type":"BreadcrumbList","@id":"https:\/\/www.embutidosortiz.com\/fr\/curados-chorizo-extra-sarta\/#breadcrumb","itemListElement":[{"@type":"ListItem","position":1,"name":"Portada","item":"https:\/\/www.embutidosortiz.com\/fr\/"},{"@type":"ListItem","position":2,"name":"CURADOS CHORIZO EXTRA SARTA"}]},{"@type":"WebSite","@id":"https:\/\/www.embutidosortiz.com\/#website","url":"https:\/\/www.embutidosortiz.com\/","name":"Embutidos Ortiz","description":"Charcuteros desde 1915","publisher":{"@id":"https:\/\/www.embutidosortiz.com\/#organization"},"potentialAction":[{"@type":"SearchAction","target":{"@type":"EntryPoint","urlTemplate":"https:\/\/www.embutidosortiz.com\/?s={search_term_string}"},"query-input":"required name=search_term_string"}],"inLanguage":"fr-FR"},{"@type":"Organization","@id":"https:\/\/www.embutidosortiz.com\/#organization","name":"Embutidos Ortiz","url":"https:\/\/www.embutidosortiz.com\/","logo":{"@type":"ImageObject","inLanguage":"fr-FR","@id":"https:\/\/www.embutidosortiz.com\/#\/schema\/logo\/image\/","url":"https:\/\/www.embutidosortiz.com\/wp-content\/uploads\/2020\/12\/Embutidos-Ortiz-Tienda.png","contentUrl":"https:\/\/www.embutidosortiz.com\/wp-content\/uploads\/2020\/12\/Embutidos-Ortiz-Tienda.png","width":200,"height":117,"caption":"Embutidos Ortiz"},"image":{"@id":"https:\/\/www.embutidosortiz.com\/#\/schema\/logo\/image\/"}}]}},"_links":{"self":[{"href":"https:\/\/www.embutidosortiz.com\/fr\/wp-json\/wp\/v2\/pages\/6626"}],"collection":[{"href":"https:\/\/www.embutidosortiz.com\/fr\/wp-json\/wp\/v2\/pages"}],"about":[{"href":"https:\/\/www.embutidosortiz.com\/fr\/wp-json\/wp\/v2\/types\/page"}],"author":[{"embeddable":true,"href":"https:\/\/www.embutidosortiz.com\/fr\/wp-json\/wp\/v2\/users\/2"}],"replies":[{"embeddable":true,"href":"https:\/\/www.embutidosortiz.com\/fr\/wp-json\/wp\/v2\/comments?post=6626"}],"version-history":[{"count":5,"href":"https:\/\/www.embutidosortiz.com\/fr\/wp-json\/wp\/v2\/pages\/6626\/revisions"}],"predecessor-version":[{"id":8971,"href":"https:\/\/www.embutidosortiz.com\/fr\/wp-json\/wp\/v2\/pages\/6626\/revisions\/8971"}],"wp:attachment":[{"href":"https:\/\/www.embutidosortiz.com\/fr\/wp-json\/wp\/v2\/media?parent=6626"}],"curies":[{"name":"wp","href":"https:\/\/api.w.org\/{rel}","templated":true}]}}