{"id":6509,"date":"2021-04-15T17:03:17","date_gmt":"2021-04-15T15:03:17","guid":{"rendered":"https:\/\/www.embutidosortiz.com\/curados-cabezada\/"},"modified":"2021-06-24T06:06:48","modified_gmt":"2021-06-24T04:06:48","slug":"curados-cabezada","status":"publish","type":"page","link":"https:\/\/www.embutidosortiz.com\/fr\/curados-cabezada\/","title":{"rendered":"CABEZADA"},"content":{"rendered":"<p>[vc_row full_width=\u00a0\u00bbstretch_row_content_no_spaces\u00a0\u00bb bg_type=\u00a0\u00bbbg_color\u00a0\u00bb bg_override=\u00a0\u00bbex-full\u00a0\u00bb bg_color_value=\u00a0\u00bb#faf6ea\u00a0\u00bb css=\u00a0\u00bb.vc_custom_1619989249910{margin-bottom: -8% !important;}\u00a0\u00bb][vc_column width=\u00a0\u00bb1\/5&Prime; offset=\u00a0\u00bbvc_hidden-xs\u00a0\u00bb]<div class=\"ult_row_spacer\"><div class=\"ult-sticky-anchor\"><div class=\"ult-sticky-section ult-sticky \"  data-stick_behaviour= 'stick_with_scroll_row'  data-sticky_position= 'top' data-mobile='no' data-support='no'>[vc_wp_custommenu nav_menu=\u00a0\u00bb77&Prime;]<\/div><div class=\"ult-space\"><\/div><\/div><\/div>[\/vc_column][vc_column width=\u00a0\u00bb4\/5&Prime;][vc_column_text css=\u00a0\u00bb.vc_custom_1623088046226{margin-top: 5% !important;}\u00a0\u00bb]<\/p>\n<div id=\"prodTit\" class=\"noAutoShow entraTextoVideos\">\n<h4 class=\"fuente_8\" style=\"text-align: center;\" data-delayapear=\"0\"><span style=\"font-family: 'Playfair Display'; font-size: 2.5em; font-weight: light;\">CABEZADA<\/span><\/h4>\n<\/div>\n<div id=\"prodSubTit\" class=\"fuente_5 noAutoShow entraTextoVideos\" style=\"text-align: center;\" data-delayapear=\"150\"><span style=\"color: #d25d13; letter-spacing: 0.1em;\">SOURCE DE PROT\u00c9INES<\/span><\/div>\n<p>[\/vc_column_text][vc_column_text css=\u00a0\u00bb.vc_custom_1623088161746{margin-right: 20% !important;margin-left: 20% !important;}\u00a0\u00bb]<\/p>\n<div id=\"prodTit\" class=\"noAutoShow entraTextoVideos\"><\/div>\n<div id=\"prodSubTxtList\" class=\"fuente_8 noAutoShow entraTextoVideos\" data-delayapear=\"250\">\n<p style=\"text-align: center; font-family: 'Playfair Display';\">La longe du porc est situ\u00e9e \u00e0 c\u00f4t\u00e9 des c\u00f4tes du porc. La zone la plus proche de la t\u00eate est utilis\u00e9e pour fabriquer la t\u00eate de longe.<\/p>\n<\/div>\n<p>[\/vc_column_text][vc_single_image image=\u00a0\u00bb6516&Prime; img_size=\u00a0\u00bbfull\u00a0\u00bb alignment=\u00a0\u00bbcenter\u00a0\u00bb][vc_row_inner content_placement=\u00a0\u00bbtop\u00a0\u00bb css=\u00a0\u00bb.vc_custom_1619989366644{margin-right: 5% !important;}\u00a0\u00bb][vc_column_inner width=\u00a0\u00bb1\/3&Prime; css=\u00a0\u00bb.vc_custom_1619989259000{margin-left: 2% !important;}\u00a0\u00bb][vc_column_text]<\/p>\n<div id=\"prodSubTit\" class=\"fuente_5 noAutoShow entraTextoVideos\" style=\"text-align: left;\" data-delayapear=\"150\"><strong><span style=\"color: #d25d13;\">\u00c9LABORATION<\/span><\/strong><\/div>\n<hr \/>\n<p>[\/vc_column_text][vc_column_text]<\/p>\n<div id=\"prodTit\" class=\"noAutoShow entraTextoVideos\"><\/div>\n<div id=\"prodSubTxtList\" class=\"fuente_8 noAutoShow entraTextoVideos\" data-delayapear=\"250\">\n<p style=\"text-align: left;\">L&rsquo;ensemble de la pi\u00e8ce est introduit dans un boyau naturel de porc et subit un processus de maturation naturel.<\/p>\n<\/div>\n<p>[\/vc_column_text][vc_column_text]<\/p>\n<div id=\"prodSubTit\" class=\"fuente_5 noAutoShow entraTextoVideos\" style=\"text-align: left;\" data-delayapear=\"150\"><strong><span style=\"color: #d25d13;\">CONSOMMATION<\/span><\/strong><\/div>\n<hr \/>\n<p>[\/vc_column_text][vc_column_text]<\/p>\n<div id=\"prodTit\" class=\"noAutoShow entraTextoVideos\"><\/div>\n<div id=\"prodSubTxtList\" class=\"fuente_8 noAutoShow entraTextoVideos\" data-delayapear=\"250\">\n<p style=\"text-align: left;\">Un go\u00fbt tr\u00e8s traditionnel. Des morceaux tr\u00e8s juteux et soigneusement s\u00e9lectionn\u00e9s pour qu&rsquo;ils gardent toute leur saveur traditionnelle.<\/p>\n<\/div>\n<p>[\/vc_column_text][\/vc_column_inner][vc_column_inner width=\u00a0\u00bb1\/3&Prime;][vc_column_text css=\u00a0\u00bb.vc_custom_1623088240263{margin-right: 5% !important;margin-left: 5% !important;}\u00a0\u00bb]<\/p>\n<div id=\"prodSubTit\" class=\"fuente_5 noAutoShow entraTextoVideos\" style=\"text-align: center;\" data-delayapear=\"150\"><strong><span style=\"color: #d25d13;\">PR\u00c9SENTATION<\/span><\/strong><\/div>\n<hr \/>\n<p>[\/vc_column_text][vc_single_image image=\u00a0\u00bb6510&Prime; img_size=\u00a0\u00bbfull\u00a0\u00bb alignment=\u00a0\u00bbcenter\u00a0\u00bb css=\u00a0\u00bb.vc_custom_1618506370723{margin-top: 3% !important;}\u00a0\u00bb][\/vc_column_inner][vc_column_inner width=\u00a0\u00bb1\/3&Prime; css=\u00a0\u00bb.vc_custom_1619989267930{margin-left: 2% !important;}\u00a0\u00bb][vc_column_text]<\/p>\n<div id=\"prodSubTit\" class=\"fuente_5 noAutoShow entraTextoVideos\" style=\"text-align: left;\" data-delayapear=\"150\"><strong><span style=\"color: #d25d13;\">INGR\u00c9DIENTS<\/span><\/strong><\/div>\n<hr \/>\n<p>[\/vc_column_text][vc_column_text]<\/p>\n<div id=\"prodTit\" class=\"noAutoShow entraTextoVideos\"><\/div>\n<div id=\"prodSubTxtList\" class=\"fuente_8 noAutoShow entraTextoVideos\" data-delayapear=\"250\">\n<p style=\"text-align: left;\">Poitrine de porc, sel, dextrose, \u00e9pices, antioxydant (E-316), conservateurs (E-252, E-250).<\/p>\n<\/div>\n<p>[\/vc_column_text][vc_column_text]<\/p>\n<div id=\"prodTit\" class=\"noAutoShow entraTextoVideos\"><\/div>\n<div id=\"prodSubTit\" class=\"fuente_5 noAutoShow entraTextoVideos\" style=\"text-align: left;\" data-delayapear=\"150\"><strong><span style=\"color: #d25d13;\">INFORMATION NUTRITIONNELLE<br \/>\n(pour 100 grs.)<\/span><\/strong><\/div>\n<hr \/>\n<p>[\/vc_column_text][vc_column_text]<\/p>\n<table border=\"1px solid #817c7b\" width=\"100%\">\n<tbody>\n<tr>\n<td style=\"text-align: left;\"><span style=\"font-size: 8pt;\"><strong>VALEUR<\/strong><\/span><br \/>\n<span style=\"font-size: 8pt;\"><strong>\u00c9NERG\u00c9TIC<\/strong><\/span><\/td>\n<td style=\"text-align: right;\"><span style=\"font-size: 8pt;\">1287 kj<\/span><br \/>\n<span style=\"font-size: 8pt;\">308 kcal<\/span><\/td>\n<\/tr>\n<tr>\n<td style=\"text-align: left;\"><span style=\"font-size: 8pt;\"><strong>GRAS<\/strong><\/span><\/p>\n<p><span style=\"font-size: 8pt;\">don Satur\u00e9s<br \/>\n<\/span><\/td>\n<td style=\"text-align: right;\"><span style=\"font-size: 8pt;\">18 g<\/span><br \/>\n<span style=\"font-size: 8pt;\">10 g<\/span><\/td>\n<\/tr>\n<tr>\n<td style=\"text-align: left;\"><span style=\"font-size: 8pt;\"><strong>CARBOHYDRATES<\/strong><br \/>\ndon sucres<\/span><\/td>\n<td style=\"text-align: right;\"><span style=\"font-size: 8pt;\">3,5 g<\/span><br \/>\n<span style=\"font-size: 8pt;\">0,0 g<\/span><\/td>\n<\/tr>\n<tr>\n<td style=\"text-align: left;\"><span style=\"font-size: 8pt;\"><strong>PROTEINES<\/strong><\/span><\/td>\n<td style=\"text-align: right;\"><span style=\"font-size: 8pt;\">34 g<\/span><\/td>\n<\/tr>\n<tr>\n<td style=\"text-align: left;\"><span style=\"font-size: 8pt;\"><strong>SEL<\/strong><\/span><\/td>\n<td style=\"text-align: right;\"><span style=\"font-size: 8pt;\">4.0 g<\/span><\/td>\n<\/tr>\n<\/tbody>\n<\/table>\n<p>[\/vc_column_text][\/vc_column_inner][\/vc_row_inner][\/vc_column][\/vc_row]<\/p>\n","protected":false},"excerpt":{"rendered":"<p>[vc_row full_width=\u00a0\u00bbstretch_row_content_no_spaces\u00a0\u00bb bg_type=\u00a0\u00bbbg_color\u00a0\u00bb bg_override=\u00a0\u00bbex-full\u00a0\u00bb bg_color_value=\u00a0\u00bb#faf6ea\u00a0\u00bb css=\u00a0\u00bb.vc_custom_1619989249910{margin-bottom: -8% !important;}\u00a0\u00bb][vc_column width=\u00a0\u00bb1\/5&Prime; offset=\u00a0\u00bbvc_hidden-xs\u00a0\u00bb][\/vc_column][vc_column width=\u00a0\u00bb4\/5&Prime;][vc_column_text css=\u00a0\u00bb.vc_custom_1623088046226{margin-top: 5% !important;}\u00a0\u00bb] CABEZADA SOURCE DE PROT\u00c9INES [\/vc_column_text][vc_column_text css=\u00a0\u00bb.vc_custom_1623088161746{margin-right: 20% !important;margin-left: 20% !important;}\u00a0\u00bb] La longe du porc est situ\u00e9e \u00e0 c\u00f4t\u00e9 des c\u00f4tes du porc. La zone la plus<\/p>\n","protected":false},"author":2,"featured_media":0,"parent":0,"menu_order":0,"comment_status":"closed","ping_status":"closed","template":"","meta":[],"yoast_head":"<!-- This site is optimized with the Yoast SEO plugin v20.1 - https:\/\/yoast.com\/wordpress\/plugins\/seo\/ -->\n<title>CABEZADA - Embutidos Ortiz<\/title>\n<meta name=\"robots\" content=\"index, follow, max-snippet:-1, max-image-preview:large, max-video-preview:-1\" \/>\n<link rel=\"canonical\" href=\"https:\/\/www.embutidosortiz.com\/fr\/curados-cabezada\/\" \/>\n<meta property=\"og:locale\" content=\"fr_FR\" \/>\n<meta property=\"og:type\" content=\"article\" \/>\n<meta property=\"og:title\" content=\"CABEZADA - Embutidos Ortiz\" \/>\n<meta property=\"og:description\" content=\"[vc_row full_width=\u00a0\u00bbstretch_row_content_no_spaces\u00a0\u00bb bg_type=\u00a0\u00bbbg_color\u00a0\u00bb bg_override=\u00a0\u00bbex-full\u00a0\u00bb bg_color_value=\u00a0\u00bb#faf6ea\u00a0\u00bb css=\u00a0\u00bb.vc_custom_1619989249910{margin-bottom: -8% !important;}\u00a0\u00bb][vc_column width=\u00a0\u00bb1\/5&Prime; offset=\u00a0\u00bbvc_hidden-xs\u00a0\u00bb][\/vc_column][vc_column width=\u00a0\u00bb4\/5&Prime;][vc_column_text css=\u00a0\u00bb.vc_custom_1623088046226{margin-top: 5% !important;}\u00a0\u00bb] CABEZADA SOURCE DE PROT\u00c9INES [\/vc_column_text][vc_column_text css=\u00a0\u00bb.vc_custom_1623088161746{margin-right: 20% !important;margin-left: 20% !important;}\u00a0\u00bb] La longe du porc est situ\u00e9e \u00e0 c\u00f4t\u00e9 des c\u00f4tes du porc. La zone la plus\" \/>\n<meta property=\"og:url\" content=\"https:\/\/www.embutidosortiz.com\/fr\/curados-cabezada\/\" \/>\n<meta property=\"og:site_name\" content=\"Embutidos Ortiz\" \/>\n<meta property=\"article:modified_time\" content=\"2021-06-24T04:06:48+00:00\" \/>\n<meta name=\"twitter:card\" content=\"summary_large_image\" \/>\n<meta name=\"twitter:label1\" content=\"Dur\u00e9e de lecture estim\u00e9e\" \/>\n\t<meta name=\"twitter:data1\" content=\"2 minutes\" \/>\n<script type=\"application\/ld+json\" class=\"yoast-schema-graph\">{\"@context\":\"https:\/\/schema.org\",\"@graph\":[{\"@type\":\"WebPage\",\"@id\":\"https:\/\/www.embutidosortiz.com\/fr\/curados-cabezada\/\",\"url\":\"https:\/\/www.embutidosortiz.com\/fr\/curados-cabezada\/\",\"name\":\"CABEZADA - Embutidos Ortiz\",\"isPartOf\":{\"@id\":\"https:\/\/www.embutidosortiz.com\/#website\"},\"datePublished\":\"2021-04-15T15:03:17+00:00\",\"dateModified\":\"2021-06-24T04:06:48+00:00\",\"breadcrumb\":{\"@id\":\"https:\/\/www.embutidosortiz.com\/fr\/curados-cabezada\/#breadcrumb\"},\"inLanguage\":\"fr-FR\",\"potentialAction\":[{\"@type\":\"ReadAction\",\"target\":[\"https:\/\/www.embutidosortiz.com\/fr\/curados-cabezada\/\"]}]},{\"@type\":\"BreadcrumbList\",\"@id\":\"https:\/\/www.embutidosortiz.com\/fr\/curados-cabezada\/#breadcrumb\",\"itemListElement\":[{\"@type\":\"ListItem\",\"position\":1,\"name\":\"Portada\",\"item\":\"https:\/\/www.embutidosortiz.com\/fr\/\"},{\"@type\":\"ListItem\",\"position\":2,\"name\":\"CABEZADA\"}]},{\"@type\":\"WebSite\",\"@id\":\"https:\/\/www.embutidosortiz.com\/#website\",\"url\":\"https:\/\/www.embutidosortiz.com\/\",\"name\":\"Embutidos Ortiz\",\"description\":\"Charcuteros desde 1915\",\"publisher\":{\"@id\":\"https:\/\/www.embutidosortiz.com\/#organization\"},\"potentialAction\":[{\"@type\":\"SearchAction\",\"target\":{\"@type\":\"EntryPoint\",\"urlTemplate\":\"https:\/\/www.embutidosortiz.com\/?s={search_term_string}\"},\"query-input\":\"required name=search_term_string\"}],\"inLanguage\":\"fr-FR\"},{\"@type\":\"Organization\",\"@id\":\"https:\/\/www.embutidosortiz.com\/#organization\",\"name\":\"Embutidos Ortiz\",\"url\":\"https:\/\/www.embutidosortiz.com\/\",\"logo\":{\"@type\":\"ImageObject\",\"inLanguage\":\"fr-FR\",\"@id\":\"https:\/\/www.embutidosortiz.com\/#\/schema\/logo\/image\/\",\"url\":\"https:\/\/www.embutidosortiz.com\/wp-content\/uploads\/2020\/12\/Embutidos-Ortiz-Tienda.png\",\"contentUrl\":\"https:\/\/www.embutidosortiz.com\/wp-content\/uploads\/2020\/12\/Embutidos-Ortiz-Tienda.png\",\"width\":200,\"height\":117,\"caption\":\"Embutidos Ortiz\"},\"image\":{\"@id\":\"https:\/\/www.embutidosortiz.com\/#\/schema\/logo\/image\/\"}}]}<\/script>\n<!-- \/ Yoast SEO plugin. -->","yoast_head_json":{"title":"CABEZADA - Embutidos Ortiz","robots":{"index":"index","follow":"follow","max-snippet":"max-snippet:-1","max-image-preview":"max-image-preview:large","max-video-preview":"max-video-preview:-1"},"canonical":"https:\/\/www.embutidosortiz.com\/fr\/curados-cabezada\/","og_locale":"fr_FR","og_type":"article","og_title":"CABEZADA - Embutidos Ortiz","og_description":"[vc_row full_width=\u00a0\u00bbstretch_row_content_no_spaces\u00a0\u00bb bg_type=\u00a0\u00bbbg_color\u00a0\u00bb bg_override=\u00a0\u00bbex-full\u00a0\u00bb bg_color_value=\u00a0\u00bb#faf6ea\u00a0\u00bb css=\u00a0\u00bb.vc_custom_1619989249910{margin-bottom: -8% !important;}\u00a0\u00bb][vc_column width=\u00a0\u00bb1\/5&Prime; offset=\u00a0\u00bbvc_hidden-xs\u00a0\u00bb][\/vc_column][vc_column width=\u00a0\u00bb4\/5&Prime;][vc_column_text css=\u00a0\u00bb.vc_custom_1623088046226{margin-top: 5% !important;}\u00a0\u00bb] CABEZADA SOURCE DE PROT\u00c9INES [\/vc_column_text][vc_column_text css=\u00a0\u00bb.vc_custom_1623088161746{margin-right: 20% !important;margin-left: 20% !important;}\u00a0\u00bb] La longe du porc est situ\u00e9e \u00e0 c\u00f4t\u00e9 des c\u00f4tes du porc. La zone la plus","og_url":"https:\/\/www.embutidosortiz.com\/fr\/curados-cabezada\/","og_site_name":"Embutidos Ortiz","article_modified_time":"2021-06-24T04:06:48+00:00","twitter_card":"summary_large_image","twitter_misc":{"Dur\u00e9e de lecture estim\u00e9e":"2 minutes"},"schema":{"@context":"https:\/\/schema.org","@graph":[{"@type":"WebPage","@id":"https:\/\/www.embutidosortiz.com\/fr\/curados-cabezada\/","url":"https:\/\/www.embutidosortiz.com\/fr\/curados-cabezada\/","name":"CABEZADA - Embutidos Ortiz","isPartOf":{"@id":"https:\/\/www.embutidosortiz.com\/#website"},"datePublished":"2021-04-15T15:03:17+00:00","dateModified":"2021-06-24T04:06:48+00:00","breadcrumb":{"@id":"https:\/\/www.embutidosortiz.com\/fr\/curados-cabezada\/#breadcrumb"},"inLanguage":"fr-FR","potentialAction":[{"@type":"ReadAction","target":["https:\/\/www.embutidosortiz.com\/fr\/curados-cabezada\/"]}]},{"@type":"BreadcrumbList","@id":"https:\/\/www.embutidosortiz.com\/fr\/curados-cabezada\/#breadcrumb","itemListElement":[{"@type":"ListItem","position":1,"name":"Portada","item":"https:\/\/www.embutidosortiz.com\/fr\/"},{"@type":"ListItem","position":2,"name":"CABEZADA"}]},{"@type":"WebSite","@id":"https:\/\/www.embutidosortiz.com\/#website","url":"https:\/\/www.embutidosortiz.com\/","name":"Embutidos Ortiz","description":"Charcuteros desde 1915","publisher":{"@id":"https:\/\/www.embutidosortiz.com\/#organization"},"potentialAction":[{"@type":"SearchAction","target":{"@type":"EntryPoint","urlTemplate":"https:\/\/www.embutidosortiz.com\/?s={search_term_string}"},"query-input":"required name=search_term_string"}],"inLanguage":"fr-FR"},{"@type":"Organization","@id":"https:\/\/www.embutidosortiz.com\/#organization","name":"Embutidos Ortiz","url":"https:\/\/www.embutidosortiz.com\/","logo":{"@type":"ImageObject","inLanguage":"fr-FR","@id":"https:\/\/www.embutidosortiz.com\/#\/schema\/logo\/image\/","url":"https:\/\/www.embutidosortiz.com\/wp-content\/uploads\/2020\/12\/Embutidos-Ortiz-Tienda.png","contentUrl":"https:\/\/www.embutidosortiz.com\/wp-content\/uploads\/2020\/12\/Embutidos-Ortiz-Tienda.png","width":200,"height":117,"caption":"Embutidos Ortiz"},"image":{"@id":"https:\/\/www.embutidosortiz.com\/#\/schema\/logo\/image\/"}}]}},"_links":{"self":[{"href":"https:\/\/www.embutidosortiz.com\/fr\/wp-json\/wp\/v2\/pages\/6509"}],"collection":[{"href":"https:\/\/www.embutidosortiz.com\/fr\/wp-json\/wp\/v2\/pages"}],"about":[{"href":"https:\/\/www.embutidosortiz.com\/fr\/wp-json\/wp\/v2\/types\/page"}],"author":[{"embeddable":true,"href":"https:\/\/www.embutidosortiz.com\/fr\/wp-json\/wp\/v2\/users\/2"}],"replies":[{"embeddable":true,"href":"https:\/\/www.embutidosortiz.com\/fr\/wp-json\/wp\/v2\/comments?post=6509"}],"version-history":[{"count":5,"href":"https:\/\/www.embutidosortiz.com\/fr\/wp-json\/wp\/v2\/pages\/6509\/revisions"}],"predecessor-version":[{"id":8961,"href":"https:\/\/www.embutidosortiz.com\/fr\/wp-json\/wp\/v2\/pages\/6509\/revisions\/8961"}],"wp:attachment":[{"href":"https:\/\/www.embutidosortiz.com\/fr\/wp-json\/wp\/v2\/media?parent=6509"}],"curies":[{"name":"wp","href":"https:\/\/api.w.org\/{rel}","templated":true}]}}